{"id":747,"date":"2023-02-19T15:41:09","date_gmt":"2023-02-19T15:41:09","guid":{"rendered":"https:\/\/legaldomus.com\/?page_id=747"},"modified":"2023-03-13T14:59:50","modified_gmt":"2023-03-13T14:59:50","slug":"aviso-legal","status":"publish","type":"page","link":"https:\/\/legaldomus.com\/cat\/aviso-legal\/","title":{"rendered":"Av\u00eds Legal"},"content":{"rendered":"<style>.elementor-747 .elementor-element.elementor-element-f466f8b > .elementor-background-overlay{background-color:transparent;background-image:linear-gradient(250deg, var( --e-global-color-5abc125 ) 0%, var( --e-global-color-c26e4b0 ) 100%);opacity:0.62;transition:background 0.3s, border-radius 0.3s, opacity 0.3s;}.elementor-747 .elementor-element.elementor-element-f466f8b{transition:background 0.3s, border 0.3s, border-radius 0.3s, box-shadow 0.3s;margin-top:0px;margin-bottom:0px;padding:100px 15px 100px 15px;}.elementor-747 .elementor-element.elementor-element-168fb4c > .elementor-widget-wrap > .elementor-widget:not(.elementor-widget__width-auto):not(.elementor-widget__width-initial):not(:last-child):not(.elementor-absolute){margin-bottom:0px;}.elementor-747 .elementor-element.elementor-element-168fb4c > .elementor-element-populated{margin:0px 0px 0px 0px;--e-column-margin-right:0px;--e-column-margin-left:0px;padding:0px 0px 0px 0px;}.elementor-747 .elementor-element.elementor-element-a0412a8 > .elementor-widget-container{margin:0px 0px 0px 0px;padding:0px 0px 24px 0px;}.elementor-747 .elementor-element.elementor-element-a0412a8 .elementor-image-box-wrapper{text-align:center;}.elementor-747 .elementor-element.elementor-element-a0412a8 .elementor-image-box-title{margin-bottom:0px;font-family:\"Outfit\", Sans-serif;font-size:1.37em;font-weight:500;text-transform:uppercase;line-height:0em;letter-spacing:0.02px;color:#FFFFFF;}.elementor-747 .elementor-element.elementor-element-be13281 > .elementor-widget-container{margin:0% 0% 0% 0%;padding:0px 0px 26px 0px;}.elementor-747 .elementor-element.elementor-element-be13281{text-align:center;}.elementor-747 .elementor-element.elementor-element-be13281 .elementor-heading-title{font-family:\"DM Sans\", Sans-serif;font-size:3.333em;font-weight:700;text-transform:none;line-height:1.15em;letter-spacing:-0.5px;}.elementor-747 .elementor-element.elementor-element-de09fb8{margin-top:5%;margin-bottom:5%;padding:0px 20px 0px 20px;}.elementor-747 .elementor-element.elementor-element-59b8ee4 > .elementor-widget-container{margin:20px 20px 0px 20px;}@media(max-width:767px){.elementor-747 .elementor-element.elementor-element-a0412a8 .elementor-image-box-wrapper{text-align:left;}.elementor-747 .elementor-element.elementor-element-be13281 > .elementor-widget-container{margin:0% 0% 0% 0%;padding:0px 0px 43px 0px;}.elementor-747 .elementor-element.elementor-element-be13281{text-align:left;}.elementor-747 .elementor-element.elementor-element-be13281 .elementor-heading-title{font-size:45px;line-height:55px;}}<\/style>\t\t<div data-elementor-type=\"wp-page\" data-elementor-id=\"747\" class=\"elementor elementor-747\" data-elementor-post-type=\"page\">\n\t\t\t\t\t\t<section class=\"elementor-section elementor-top-section elementor-element elementor-element-f466f8b elementor-section-boxed elementor-section-height-default elementor-section-height-default\" data-id=\"f466f8b\" data-element_type=\"section\" data-settings=\"{&quot;background_background&quot;:&quot;slideshow&quot;,&quot;background_slideshow_gallery&quot;:[{&quot;id&quot;:471,&quot;url&quot;:&quot;https:\\\/\\\/legaldomus.com\\\/wp-content\\\/uploads\\\/2023\\\/02\\\/que-ofrecemos-legal-domus.jpg&quot;}],&quot;background_slideshow_loop&quot;:&quot;yes&quot;,&quot;background_slideshow_slide_duration&quot;:5000,&quot;background_slideshow_slide_transition&quot;:&quot;fade&quot;,&quot;background_slideshow_transition_duration&quot;:500}\">\n\t\t\t\t\t\t\t<div class=\"elementor-background-overlay\"><\/div>\n\t\t\t\t\t\t\t<div class=\"elementor-container elementor-column-gap-default\">\n\t\t\t\t\t<div class=\"elementor-column elementor-col-100 elementor-top-column elementor-element elementor-element-168fb4c\" data-id=\"168fb4c\" data-element_type=\"column\">\n\t\t\t<div class=\"elementor-widget-wrap elementor-element-populated\">\n\t\t\t\t\t\t<div class=\"elementor-element elementor-element-be13281 elementor-widget elementor-widget-heading\" data-id=\"be13281\" data-element_type=\"widget\" data-widget_type=\"heading.default\">\n\t\t\t\t<div class=\"elementor-widget-container\">\n\t\t\t\t\t<h1 class=\"elementor-heading-title elementor-size-default\">Av\u00eds Legal<\/h1>\t\t\t\t<\/div>\n\t\t\t\t<\/div>\n\t\t\t\t\t<\/div>\n\t\t<\/div>\n\t\t\t\t\t<\/div>\n\t\t<\/section>\n\t\t\t\t<section class=\"elementor-section elementor-top-section elementor-element elementor-element-de09fb8 elementor-section-boxed elementor-section-height-default elementor-section-height-default\" data-id=\"de09fb8\" data-element_type=\"section\">\n\t\t\t\t\t\t<div class=\"elementor-container elementor-column-gap-default\">\n\t\t\t\t\t<div class=\"elementor-column elementor-col-100 elementor-top-column elementor-element elementor-element-a1efc7d\" data-id=\"a1efc7d\" data-element_type=\"column\">\n\t\t\t<div class=\"elementor-widget-wrap elementor-element-populated\">\n\t\t\t\t\t\t<div class=\"elementor-element elementor-element-59b8ee4 elementor-widget elementor-widget-text-editor\" data-id=\"59b8ee4\" data-element_type=\"widget\" data-widget_type=\"text-editor.default\">\n\t\t\t\t<div class=\"elementor-widget-container\">\n\t\t\t\t\t\t\t\t\t<p><\/p>\n<h2 class=\"wp-block-heading\">AVISO LEGAL<\/h2>\n<p><\/p>\n<p><\/p>\n<p class=\"p1\">INTRODUCCI\u00d3N:<\/p>\n<p class=\"p1\">El presente documento tiene como finalidad el establecer y regular las normas de uso de este portal web, entendiendo por \u00e9ste todas las p\u00e1ginas y sus contenidos, propiedad de ALEXANDRA FERN\u00c1NDEZ S\u00c1NCHEZ, a las cuales se accede a trav\u00e9s del dominio https:\/\/legaldomus.com\/. La utilizaci\u00f3n del portal web atribuye la condici\u00f3n de usuario del mismo e implica la aceptaci\u00f3n de todas las condiciones incluidas en el presente Aviso Legal. El usuario se compromete a leer atentamente el presente Aviso Legal en cada una de las ocasiones en que se proponga utilizar nuestro portal web, ya que \u00e9ste y sus condiciones de uso recogidas en el presente Aviso Legal pueden sufrir modificaciones.<\/p>\n<p class=\"p1\">DATOS IDENTIFICATIVOS:<\/p>\n<p class=\"p1\">En cumplimiento con el deber de informaci\u00f3n recogido en el art\u00edculo 10 de la Ley 34\/2002, de 11 de julio, de Servicios de la Sociedad de la Informaci\u00f3n y del Comercio Electr\u00f3nico, a continuaci\u00f3n se reflejan los siguientes datos:<\/p>\n<ul class=\"ul1\">\n<li class=\"li2\"><span class=\"s1\">Raz\u00f3n social: ALEXANDRA FERN\u00c1NDEZ S\u00c1NCHEZ (en adelante, LEGALDOMUS)<\/span><\/li>\n<li class=\"li2\"><span class=\"s1\">NIF: 46677968C<\/span><\/li>\n<li class=\"li2\"><span class=\"s1\">Colegiada n\u00ba 4223 del Ilustre Colegio de Abogados de Sant Feliu<\/span><\/li>\n<li class=\"li2\"><span class=\"s1\">Domicilio: Calle Roses 83 Local, 08980 Sant Feliu de Llobregat (Barcelona, Espa\u00f1a)<\/span><\/li>\n<li class=\"li2\"><span class=\"s1\">Tel\u00e8fon: 93 188 20 98<\/span><\/li>\n<li class=\"li2\"><span class=\"s1\">Correo electr\u00f3nico: administracio@legaldomus.com<\/span><\/li>\n<li class=\"li2\"><span class=\"s1\">Nombre del dominio: https:\/\/legaldomus.com\/<\/span><\/li>\n<\/ul>\n<p class=\"p1\">USUARIAS Y USUARIOS:<\/p>\n<p class=\"p1\">El acceso y uso de este portal, atribuye la condici\u00f3n de USUARIA\/O, que acepta, desde dicho acceso y uso, las Condiciones Generales de Uso aqu\u00ed reflejadas. Las citadas Condiciones ser\u00e1n de aplicaci\u00f3n independientemente de las Condiciones Generales de Contrataci\u00f3n que en su caso resulten de obligado cumplimiento.<\/p>\n<p class=\"p1\">USO DEL PORTAL:<\/p>\n<p class=\"p1\">https:\/\/legaldomus.com\/ proporciona el acceso a diversas informaciones sobre nuestra entidad, apartados de contacto, hiperenlaces a redes sociales, en adelante contenidos pertenecientes a LEGALDOMUS, o a sus licenciadores, a los que la usuaria o el usuario pueda tener acceso. La usuaria o el usuario asume la responsabilidad del uso del portal. Dicha responsabilidad se extiende al registro que fuese necesario para acceder a determinados servicios o contenidos, o bien para posibilitar la respuesta en relaci\u00f3n con sus consultas en los apartados de contacto de la presente p\u00e1gina web, etc. En dicho registro la usuaria o el usuario ser\u00e1 responsable de aportar informaci\u00f3n veraz y l\u00edcita.<\/p>\n<p class=\"p1\">La usuaria o el usuario deber\u00e1 abstenerse de suprimir, alterar, eludir o manipular cualquier dispositivo de protecci\u00f3n o sistema de seguridad que estuviera instalado en las p\u00e1ginas del dominio https:\/\/legaldomus.com\/. La utilizaci\u00f3n no autorizada de la informaci\u00f3n contenida en este sitio web, as\u00ed como los perjuicios ocasionados en los derechos de propiedad intelectual e industrial de LEGALDOMUS, pueden dar lugar al ejercicio de las acciones que legalmente correspondan y, si procede, a las responsabilidades que de dicho ejercicio se deriven.<\/p>\n<p class=\"p1\"><b>PROTECCI\u00d3N DE DATOS<\/b><\/p>\n<p class=\"p1\">LEGALDOMUS cumple con lo dispuesto en los art\u00edculos 13 y 14 del Reglamento (UE) 2016\/679 del Parlamento Europeo y del Consejo, de 27 de abril de 2016, relativo a la protecci\u00f3n de las personas f\u00edsicas en lo que respecta al tratamiento de datos personales y a la libre circulaci\u00f3n de estos datos, y la Ley Org\u00e1nica 3\/2018, de 5 de diciembre, de Protecci\u00f3n de Datos Personales y garant\u00eda de los derechos digitales. Le informamos de todos los aspectos legales en nuestra Pol\u00edtica de Privacidad.<\/p>\n<p class=\"p1\">PROPIEDAD INTELECTUAL E INDUSTRIAL:<\/p>\n<p class=\"p1\">LEGALDOMUS, por s\u00ed o como cesionaria, es titular de todos los derechos de propiedad intelectual e industrial de su p\u00e1gina web, as\u00ed como de los elementos contenidos en la misma (a t\u00edtulo enunciativo: im\u00e1genes, sonido, audio, v\u00eddeo, software o textos; marcas o logotipos, combinaciones de colores, estructura y dise\u00f1o, etc.). Todos los derechos reservados. En virtud de lo dispuesto en la Ley de Propiedad Intelectual, as\u00ed como en la Ley de Marcas y la legislaci\u00f3n complementaria en materia de propiedad intelectual e industrial, queda expresamente prohibidas la reproducci\u00f3n, la distribuci\u00f3n y la comunicaci\u00f3n p\u00fablica, incluida su modalidad de puesta a disposici\u00f3n, de la totalidad o parte de los contenidos de esta p\u00e1gina web, con fines comerciales, en cualquier soporte y por cualquier medio t\u00e9cnico, sin la autorizaci\u00f3n de LEGALDOMUS. Cualquier infracci\u00f3n de estos derechos puede dar lugar a procedimientos extrajudiciales o judiciales civiles que correspondan a LEGALDOMUS. En ning\u00fan momento, salvo manifestaci\u00f3n expresa de lo contrario, el acceso, navegaci\u00f3n o utilizaci\u00f3n del sitio Web o de sus contenidos confiere a la usuaria o al usuario derecho alguno sobre signos distintivos en \u00e9l incluidos. La usuaria o el usuario se compromete a respetar los derechos de Propiedad Intelectual e Industrial titularidad de LEGALDOMUS. En el caso de que la usuaria o el usuario env\u00ede informaci\u00f3n de cualquier tipo a LEGALDOMUS a trav\u00e9s de cualquiera de los canales habilitados para ello dentro de nuestro portal web, la usuaria o el usuario declara, garantiza y acepta que tiene derecho a hacerlo con total libertad, que dicha informaci\u00f3n no infringe ning\u00fan derecho de propiedad intelectual, industrial, o cualesquiera otros derechos de terceras personas, y que dicha informaci\u00f3n no tiene car\u00e1cter confidencial ni es perjudicial para terceras personas. La legitimidad de los derechos de propiedad intelectual o industrial correspondiente a los contenidos aportados por terceros es de la exclusiva responsabilidad de los mismos.<\/p>\n<p class=\"p1\">RESPONSABILIDAD:<\/p>\n<p class=\"p1\">LEGALDOMUS no se responsabiliza del posible uso inapropiado que terceros realicen de esta p\u00e1gina Web, ni de la informaci\u00f3n que a trav\u00e9s de ella transmitan a terceros. Tanto el acceso a los portales de LEGALDOMUS como el uso que pueda hacerse de la informaci\u00f3n contenida en los mismos es de la exclusiva responsabilidad de quien lo realiza. LEGALDOMUS no ser\u00e1 responsable del uso que terceros hagan de la informaci\u00f3n publicada en el portal, ni tampoco de los da\u00f1os sufridos o p\u00e9rdidas econ\u00f3micas que, de forma directa o indirecta, produzcan o puedan producir perjuicios econ\u00f3micos, materiales o sobre datos, provocados por el uso de dicha informaci\u00f3n.<\/p>\n<p class=\"p1\">LEGALDOMUS no se hace responsable de la legalidad de otros sitios web de terceros desde los que pueda accederse al portal, ni de la legalidad de otros sitios web de terceros, que pudieran estar vinculados o enlazados desde este portal, siempre que:<\/p>\n<ol class=\"ol1\">\n<li class=\"li2\"><span class=\"s1\">a) No tenga conocimiento efectivo de que la actividad o la informaci\u00f3n a la que remite o recomienda es il\u00edcita o de que lesiona bienes o derechos de un tercero susceptibles de indemnizaci\u00f3n, o<\/span><\/li>\n<li class=\"li2\"><span class=\"s1\">b) Si lo tiene, act\u00fae con diligencia para suprimir o inutilizar el enlace correspondiente.<\/span><\/li>\n<\/ol>\n<p class=\"p1\">Se entender\u00e1 que el prestador de servicios tiene el conocimiento efectivo a que se refiere el p\u00e1rrafo a) cuando un \u00f3rgano competente haya declarado la ilicitud de los datos, ordenado su retirada o que se imposibilite el acceso a los mismos, o se hubiera declarado la existencia de la lesi\u00f3n, y el prestador conociera la correspondiente resoluci\u00f3n, sin perjuicio de los procedimientos de detecci\u00f3n y retirada de contenidos que los prestadores apliquen en virtud de acuerdos voluntarios y de otros medios de conocimiento efectivo que pudieran establecerse.<\/p>\n<p class=\"p1\">LEGALDOMUS se reserva el derecho de ejercitar las acciones legales que considere oportunas derivadas de cualesquiera usos il\u00edcitos por parte de terceros de los contenidos de su p\u00e1gina web.<\/p>\n<p class=\"p1\">LEGALDOMUS se pone a disposici\u00f3n de todos los usuarios, autoridades y fuerzas de seguridad, colaborando de forma activa en la retirada o en su caso bloqueo de todos aquellos contenidos que pudieran afectar o contravenir la legislaci\u00f3n nacional, o internacional, derechos de terceros o la moral y el orden p\u00fablico. En caso de que el usuario considere que existe en el sitio web alg\u00fan contenido que pudiera ser susceptible de esta clasificaci\u00f3n, rogamos se ponga en contacto con LEGALDOMUS.<\/p>\n<p class=\"p1\">MODIFICACI\u00d3N DE LAS PRESENTES CONDICIONES Y DURACI\u00d3N:<\/p>\n<p class=\"p1\">LEGALDOMUS se reserva el derecho de, en cualquier momento y sin necesidad de previo aviso, a\u00f1adir, modificar o eliminar el contenido, estructura, dise\u00f1o, servicios y condiciones de acceso y\/o uso de este sitio, siempre que lo estime oportuno, as\u00ed como realizar tantas modificaciones como considere oportunas en el presente Aviso Legal, siendo v\u00e1lidas estas modificaciones desde que sean publicadas como aqu\u00ed aparecen. La vigencia de las citadas condiciones ir\u00e1 en funci\u00f3n de su exposici\u00f3n y estar\u00e1n vigentes hasta que sean modificadas por otras debidamente publicadas aqu\u00ed.<\/p>\n<p class=\"p1\">ENLACES:<\/p>\n<p class=\"p1\">En el caso de que en https:\/\/legaldomus.com\/ se pusieran en funcionamiento enlaces o hiperv\u00ednculos que recayeran en otros sitios de Internet LEGALDOMUS no ejercer\u00e1 ning\u00fan tipo de control sobre dichos sitios y contenidos. En ning\u00fan caso LEGALDOMUS asumir\u00e1 responsabilidad alguna por los contenidos de alg\u00fan enlace perteneciente a un sitio web ajeno, ni garantizar\u00e1 la disponibilidad t\u00e9cnica, calidad, fiabilidad, exactitud, amplitud, veracidad, validez y constitucionalidad de cualquier material o informaci\u00f3n contenida en ninguno de dichos hiperv\u00ednculos u otros sitios de Internet. Igualmente, la inclusi\u00f3n de estas conexiones externas no implicar\u00e1 ning\u00fan tipo de asociaci\u00f3n, fusi\u00f3n o participaci\u00f3n con las entidades conectadas.<\/p>\n<p class=\"p1\">La usuaria o el usuario reconoce y acepta que LEGALDOMUS no ser\u00e1 responsable de las p\u00e9rdidas o da\u00f1os en que la usuaria o el usuario pueda incurrir a consecuencia de la disponibilidad de los mencionados sitios web o recursos externos, o a consecuencia de la credibilidad que otorgue a la exhaustividad, precisi\u00f3n o existencia de cualquier tipo de publicidad, productos u otros materiales ofrecidos a trav\u00e9s de dicho sitio web u otros recursos.<\/p>\n<p class=\"p1\"><b>DERECHO DE EXCLUSI\u00d3N:<\/b><\/p>\n<p class=\"p1\">LEGALDOMUS se reserva el derecho a denegar o retirar el acceso a portal o a los servicios ofrecidos sin necesidad de preaviso, a instancia propia o de terceras personas, a aquellos usuarios y a aquellas usuarias que incumplan las presentes Condiciones Generales de Uso.<\/p>\n<p class=\"p1\">GENERALIDADES:<\/p>\n<p class=\"p1\">LEGALDOMUS perseguir\u00e1 el incumplimiento de las presentes condiciones, as\u00ed como cualquier utilizaci\u00f3n indebida de su portal ejerciendo todas las acciones civiles y penales que le puedan corresponder en derecho.<\/p>\n<p class=\"p1\">LEGISLACI\u00d3N APLICABLE Y JURISDICCI\u00d3N:<\/p>\n<p class=\"p1\">La relaci\u00f3n entre LEGALDOMUS y el Usuario se rige por la ley espa\u00f1ola. Las partes se someten, a su elecci\u00f3n, para la resoluci\u00f3n de los conflictos y con renuncia a cualquier otro fuero, a los Juzgados y Tribunales del domicilio del usuario y\/o consumidor. En caso de que se trate de una compraventa realizada por una persona f\u00edsica o jur\u00eddica que act\u00fae en el marco de su actividad empresarial, comercial, oficio o profesi\u00f3n, ambas partes se someten, con renuncia expresa a cualquier otro fuero, a los Juzgados y Tribunales de Sant Feliu de Llobregat (Barcelona, Espa\u00f1a).<\/p>\n<p><\/p>\t\t\t\t\t\t\t\t<\/div>\n\t\t\t\t<\/div>\n\t\t\t\t\t<\/div>\n\t\t<\/div>\n\t\t\t\t\t<\/div>\n\t\t<\/section>\n\t\t\t\t<\/div>","protected":false},"excerpt":{"rendered":"<p>Aviso Legal AVISO LEGAL INTRODUCCI\u00d3N: El presente documento tiene como finalidad el establecer y regular las normas de uso de este portal web, entendiendo por \u00e9ste todas las p\u00e1ginas y sus contenidos, propiedad de ALEXANDRA FERN\u00c1NDEZ S\u00c1NCHEZ, a las cuales se accede a trav\u00e9s del dominio https:\/\/legaldomus.com\/. La utilizaci\u00f3n del portal web atribuye la condici\u00f3n [&hellip;]<\/p>","protected":false},"author":2,"featured_media":0,"parent":0,"menu_order":0,"comment_status":"closed","ping_status":"closed","template":"elementor_header_footer","meta":{"footnotes":""},"class_list":["post-747","page","type-page","status-publish","hentry"],"yoast_head":"<!-- This site is optimized with the Yoast SEO plugin v25.6 - https:\/\/yoast.com\/wordpress\/plugins\/seo\/ -->\n<title>Aviso Legal - Legal Domus - Abogados de divorcios en Sant Feliu - Servicio a domicilio<\/title>\n<meta name=\"robots\" content=\"index, follow, max-snippet:-1, max-image-preview:large, max-video-preview:-1\" \/>\n<link rel=\"canonical\" href=\"https:\/\/legaldomus.com\/cat\/aviso-legal\/\" \/>\n<meta property=\"og:locale\" content=\"ca_ES\" \/>\n<meta property=\"og:type\" content=\"article\" \/>\n<meta property=\"og:title\" content=\"Aviso Legal - Legal Domus - Abogados de divorcios en Sant Feliu - Servicio a domicilio\" \/>\n<meta property=\"og:description\" content=\"Aviso Legal AVISO LEGAL INTRODUCCI\u00d3N: El presente documento tiene como finalidad el establecer y regular las normas de uso de este portal web, entendiendo por \u00e9ste todas las p\u00e1ginas y sus contenidos, propiedad de ALEXANDRA FERN\u00c1NDEZ S\u00c1NCHEZ, a las cuales se accede a trav\u00e9s del dominio https:\/\/legaldomus.com\/. La utilizaci\u00f3n del portal web atribuye la condici\u00f3n [&hellip;]\" \/>\n<meta property=\"og:url\" content=\"https:\/\/legaldomus.com\/cat\/aviso-legal\/\" \/>\n<meta property=\"og:site_name\" content=\"Legal Domus - Abogados de divorcios en Sant Feliu - Servicio a domicilio\" \/>\n<meta property=\"article:publisher\" content=\"https:\/\/www.facebook.com\/legaldomus\/?locale=es_ES\" \/>\n<meta property=\"article:modified_time\" content=\"2023-03-13T14:59:50+00:00\" \/>\n<meta name=\"twitter:card\" content=\"summary_large_image\" \/>\n<meta name=\"twitter:site\" content=\"@legaldomus\" \/>\n<meta name=\"twitter:label1\" content=\"Temps estimat de lectura\" \/>\n\t<meta name=\"twitter:data1\" content=\"9 minuts\" \/>\n<script type=\"application\/ld+json\" class=\"yoast-schema-graph\">{\"@context\":\"https:\/\/schema.org\",\"@graph\":[{\"@type\":\"WebPage\",\"@id\":\"https:\/\/legaldomus.com\/aviso-legal\/\",\"url\":\"https:\/\/legaldomus.com\/aviso-legal\/\",\"name\":\"Aviso Legal - Legal Domus - Abogados de divorcios en Sant Feliu - Servicio a domicilio\",\"isPartOf\":{\"@id\":\"https:\/\/legaldomus.com\/#website\"},\"datePublished\":\"2023-02-19T15:41:09+00:00\",\"dateModified\":\"2023-03-13T14:59:50+00:00\",\"breadcrumb\":{\"@id\":\"https:\/\/legaldomus.com\/aviso-legal\/#breadcrumb\"},\"inLanguage\":\"ca\",\"potentialAction\":[{\"@type\":\"ReadAction\",\"target\":[\"https:\/\/legaldomus.com\/aviso-legal\/\"]}]},{\"@type\":\"BreadcrumbList\",\"@id\":\"https:\/\/legaldomus.com\/aviso-legal\/#breadcrumb\",\"itemListElement\":[{\"@type\":\"ListItem\",\"position\":1,\"name\":\"Portada\",\"item\":\"https:\/\/legaldomus.com\/\"},{\"@type\":\"ListItem\",\"position\":2,\"name\":\"Aviso Legal\"}]},{\"@type\":\"WebSite\",\"@id\":\"https:\/\/legaldomus.com\/#website\",\"url\":\"https:\/\/legaldomus.com\/\",\"name\":\"Legal Domus - Abogados de divorcios en Sant Feliu - Servicio a domicilio\",\"description\":\"Bufete familiar especializado en derecho matrimonial \",\"publisher\":{\"@id\":\"https:\/\/legaldomus.com\/#organization\"},\"potentialAction\":[{\"@type\":\"SearchAction\",\"target\":{\"@type\":\"EntryPoint\",\"urlTemplate\":\"https:\/\/legaldomus.com\/?s={search_term_string}\"},\"query-input\":{\"@type\":\"PropertyValueSpecification\",\"valueRequired\":true,\"valueName\":\"search_term_string\"}}],\"inLanguage\":\"ca\"},{\"@type\":\"Organization\",\"@id\":\"https:\/\/legaldomus.com\/#organization\",\"name\":\"Legal Domus - Abogados de divorcios en Sant Feliu - Servicio a domicilio\",\"url\":\"https:\/\/legaldomus.com\/\",\"logo\":{\"@type\":\"ImageObject\",\"inLanguage\":\"ca\",\"@id\":\"https:\/\/legaldomus.com\/#\/schema\/logo\/image\/\",\"url\":\"https:\/\/legaldomus.com\/wp-content\/uploads\/2022\/12\/Logo-sense-fons.png\",\"contentUrl\":\"https:\/\/legaldomus.com\/wp-content\/uploads\/2022\/12\/Logo-sense-fons.png\",\"width\":816,\"height\":160,\"caption\":\"Legal Domus - Abogados de divorcios en Sant Feliu - Servicio a domicilio\"},\"image\":{\"@id\":\"https:\/\/legaldomus.com\/#\/schema\/logo\/image\/\"},\"sameAs\":[\"https:\/\/www.facebook.com\/legaldomus\/?locale=es_ES\",\"https:\/\/x.com\/legaldomus\"]}]}<\/script>\n<!-- \/ Yoast SEO plugin. -->","yoast_head_json":{"title":"Aviso Legal - Legal Domus - Abogados de divorcios en Sant Feliu - Servicio a domicilio","robots":{"index":"index","follow":"follow","max-snippet":"max-snippet:-1","max-image-preview":"max-image-preview:large","max-video-preview":"max-video-preview:-1"},"canonical":"https:\/\/legaldomus.com\/cat\/aviso-legal\/","og_locale":"ca_ES","og_type":"article","og_title":"Aviso Legal - Legal Domus - Abogados de divorcios en Sant Feliu - Servicio a domicilio","og_description":"Aviso Legal AVISO LEGAL INTRODUCCI\u00d3N: El presente documento tiene como finalidad el establecer y regular las normas de uso de este portal web, entendiendo por \u00e9ste todas las p\u00e1ginas y sus contenidos, propiedad de ALEXANDRA FERN\u00c1NDEZ S\u00c1NCHEZ, a las cuales se accede a trav\u00e9s del dominio https:\/\/legaldomus.com\/. La utilizaci\u00f3n del portal web atribuye la condici\u00f3n [&hellip;]","og_url":"https:\/\/legaldomus.com\/cat\/aviso-legal\/","og_site_name":"Legal Domus - Abogados de divorcios en Sant Feliu - Servicio a domicilio","article_publisher":"https:\/\/www.facebook.com\/legaldomus\/?locale=es_ES","article_modified_time":"2023-03-13T14:59:50+00:00","twitter_card":"summary_large_image","twitter_site":"@legaldomus","twitter_misc":{"Temps estimat de lectura":"9 minuts"},"schema":{"@context":"https:\/\/schema.org","@graph":[{"@type":"WebPage","@id":"https:\/\/legaldomus.com\/aviso-legal\/","url":"https:\/\/legaldomus.com\/aviso-legal\/","name":"Aviso Legal - Legal Domus - Abogados de divorcios en Sant Feliu - Servicio a domicilio","isPartOf":{"@id":"https:\/\/legaldomus.com\/#website"},"datePublished":"2023-02-19T15:41:09+00:00","dateModified":"2023-03-13T14:59:50+00:00","breadcrumb":{"@id":"https:\/\/legaldomus.com\/aviso-legal\/#breadcrumb"},"inLanguage":"ca","potentialAction":[{"@type":"ReadAction","target":["https:\/\/legaldomus.com\/aviso-legal\/"]}]},{"@type":"BreadcrumbList","@id":"https:\/\/legaldomus.com\/aviso-legal\/#breadcrumb","itemListElement":[{"@type":"ListItem","position":1,"name":"Portada","item":"https:\/\/legaldomus.com\/"},{"@type":"ListItem","position":2,"name":"Aviso Legal"}]},{"@type":"WebSite","@id":"https:\/\/legaldomus.com\/#website","url":"https:\/\/legaldomus.com\/","name":"Legal Domus - Abogados de divorcios en Sant Feliu - Servicio a domicilio","description":"Bufete familiar especializado en derecho matrimonial ","publisher":{"@id":"https:\/\/legaldomus.com\/#organization"},"potentialAction":[{"@type":"SearchAction","target":{"@type":"EntryPoint","urlTemplate":"https:\/\/legaldomus.com\/?s={search_term_string}"},"query-input":{"@type":"PropertyValueSpecification","valueRequired":true,"valueName":"search_term_string"}}],"inLanguage":"ca"},{"@type":"Organization","@id":"https:\/\/legaldomus.com\/#organization","name":"Legal Domus - Abogados de divorcios en Sant Feliu - Servicio a domicilio","url":"https:\/\/legaldomus.com\/","logo":{"@type":"ImageObject","inLanguage":"ca","@id":"https:\/\/legaldomus.com\/#\/schema\/logo\/image\/","url":"https:\/\/legaldomus.com\/wp-content\/uploads\/2022\/12\/Logo-sense-fons.png","contentUrl":"https:\/\/legaldomus.com\/wp-content\/uploads\/2022\/12\/Logo-sense-fons.png","width":816,"height":160,"caption":"Legal Domus - Abogados de divorcios en Sant Feliu - Servicio a domicilio"},"image":{"@id":"https:\/\/legaldomus.com\/#\/schema\/logo\/image\/"},"sameAs":["https:\/\/www.facebook.com\/legaldomus\/?locale=es_ES","https:\/\/x.com\/legaldomus"]}]}},"_links":{"self":[{"href":"https:\/\/legaldomus.com\/cat\/wp-json\/wp\/v2\/pages\/747","targetHints":{"allow":["GET"]}}],"collection":[{"href":"https:\/\/legaldomus.com\/cat\/wp-json\/wp\/v2\/pages"}],"about":[{"href":"https:\/\/legaldomus.com\/cat\/wp-json\/wp\/v2\/types\/page"}],"author":[{"embeddable":true,"href":"https:\/\/legaldomus.com\/cat\/wp-json\/wp\/v2\/users\/2"}],"replies":[{"embeddable":true,"href":"https:\/\/legaldomus.com\/cat\/wp-json\/wp\/v2\/comments?post=747"}],"version-history":[{"count":10,"href":"https:\/\/legaldomus.com\/cat\/wp-json\/wp\/v2\/pages\/747\/revisions"}],"predecessor-version":[{"id":961,"href":"https:\/\/legaldomus.com\/cat\/wp-json\/wp\/v2\/pages\/747\/revisions\/961"}],"wp:attachment":[{"href":"https:\/\/legaldomus.com\/cat\/wp-json\/wp\/v2\/media?parent=747"}],"curies":[{"name":"wp","href":"https:\/\/api.w.org\/{rel}","templated":true}]}}