{"id":626,"date":"2023-02-18T11:58:58","date_gmt":"2023-02-18T11:58:58","guid":{"rendered":"https:\/\/legaldomus.com\/?page_id=626"},"modified":"2023-02-18T12:25:20","modified_gmt":"2023-02-18T12:25:20","slug":"coaching-para-crisis-de-pareja","status":"publish","type":"page","link":"https:\/\/legaldomus.com\/en\/coaching-para-crisis-de-pareja\/","title":{"rendered":"Coaching para crisis de pareja"},"content":{"rendered":"<div data-elementor-type=\"wp-page\" data-elementor-id=\"626\" class=\"elementor elementor-626\" data-elementor-post-type=\"page\">\n\t\t\t\t\t\t<section class=\"elementor-section elementor-top-section elementor-element elementor-element-f466f8b elementor-section-boxed elementor-section-height-default elementor-section-height-default\" data-id=\"f466f8b\" data-element_type=\"section\" data-settings=\"{&quot;background_background&quot;:&quot;slideshow&quot;,&quot;background_slideshow_gallery&quot;:[{&quot;id&quot;:628,&quot;url&quot;:&quot;https:\\\/\\\/legaldomus.com\\\/wp-content\\\/uploads\\\/2023\\\/02\\\/Coaching-para-crisis-de-parejas-01.jpg&quot;}],&quot;background_slideshow_loop&quot;:&quot;yes&quot;,&quot;background_slideshow_slide_duration&quot;:5000,&quot;background_slideshow_slide_transition&quot;:&quot;fade&quot;,&quot;background_slideshow_transition_duration&quot;:500}\">\n\t\t\t\t\t\t\t<div class=\"elementor-background-overlay\"><\/div>\n\t\t\t\t\t\t\t<div class=\"elementor-container elementor-column-gap-default\">\n\t\t\t\t\t<div class=\"elementor-column elementor-col-50 elementor-top-column elementor-element elementor-element-168fb4c\" data-id=\"168fb4c\" data-element_type=\"column\">\n\t\t\t<div class=\"elementor-widget-wrap elementor-element-populated\">\n\t\t\t\t\t\t<div class=\"elementor-element elementor-element-a0412a8 elementor-position-left elementor-vertical-align-middle elementor-widget elementor-widget-image-box\" data-id=\"a0412a8\" data-element_type=\"widget\" data-widget_type=\"image-box.default\">\n\t\t\t\t<div class=\"elementor-widget-container\">\n\t\t\t\t\t<div class=\"elementor-image-box-wrapper\"><figure class=\"elementor-image-box-img\"><img decoding=\"async\" width=\"49\" height=\"4\" src=\"https:\/\/legaldomus.com\/wp-content\/uploads\/2022\/12\/Creative-underline.png\" class=\"attachment-full size-full wp-image-34\" alt=\"\" \/><\/figure><div class=\"elementor-image-box-content\"><div class=\"elementor-image-box-title\">Legal Domus <\/div><\/div><\/div>\t\t\t\t<\/div>\n\t\t\t\t<\/div>\n\t\t\t\t<div class=\"elementor-element elementor-element-be13281 elementor-widget elementor-widget-heading\" data-id=\"be13281\" data-element_type=\"widget\" data-widget_type=\"heading.default\">\n\t\t\t\t<div class=\"elementor-widget-container\">\n\t\t\t\t\t<h1 class=\"elementor-heading-title elementor-size-default\">Coaching para crisis de pareja<\/h1>\t\t\t\t<\/div>\n\t\t\t\t<\/div>\n\t\t\t\t\t<\/div>\n\t\t<\/div>\n\t\t\t\t<div class=\"elementor-column elementor-col-50 elementor-top-column elementor-element elementor-element-e9e1bf0\" data-id=\"e9e1bf0\" data-element_type=\"column\">\n\t\t\t<div class=\"elementor-widget-wrap\">\n\t\t\t\t\t\t\t<\/div>\n\t\t<\/div>\n\t\t\t\t\t<\/div>\n\t\t<\/section>\n\t\t\t\t<section class=\"elementor-section elementor-top-section elementor-element elementor-element-4001405 elementor-section-full_width elementor-section-height-default elementor-section-height-default\" data-id=\"4001405\" data-element_type=\"section\">\n\t\t\t\t\t\t<div class=\"elementor-container elementor-column-gap-default\">\n\t\t\t\t\t<div class=\"elementor-column elementor-col-50 elementor-top-column elementor-element elementor-element-75b46bd elementor-invisible\" data-id=\"75b46bd\" data-element_type=\"column\" data-settings=\"{&quot;animation&quot;:&quot;fadeInLeft&quot;,&quot;background_background&quot;:&quot;classic&quot;}\">\n\t\t\t<div class=\"elementor-widget-wrap elementor-element-populated\">\n\t\t\t\t\t\t<div class=\"elementor-element elementor-element-3254db7 premium-type-column elementor-widget elementor-widget-premium-icon-list\" data-id=\"3254db7\" data-element_type=\"widget\" data-settings=\"{&quot;rbadges_repeater&quot;:[]}\" data-widget_type=\"premium-icon-list.default\">\n\t\t\t\t<div class=\"elementor-widget-container\">\n\t\t\t\t\t\t\t\t<ul class=\"premium-bullet-list-box\">\n\t\t\t\t\n\t\t\t\t\t\t\t<li class=\"premium-bullet-list-content elementor-repeater-item-2189fef\">\n\t\t\t\t\t\t\t\t<div class=\"premium-bullet-list-text\">\n\t\t\t\t\t\t\t\t\t\t\t\t\t\t\t\t\t\t\t<div class=\"premium-bullet-list-wrapper\">\n\t\t\t\t\t\t\t\t\t\t\t<div class=\"premium-drawable-icon\"><i class=\"premium-svg-nodraw fas fa-hand-point-right\" aria-hidden=\"true\"><\/i><\/div>\t\t\t\t\t\t\t\t\t\t\t<\/div>\n\t\t\t\t\t\t\t\t\t\n\t\t\t\t\t\t\t\t\t<div class=\"premium-bullet-list-text-wrapper\">\n\t\t\t\t\t\t\t\t\t\t<span class=\"premium-bullet-text\" data-text=\"\u00bfTe est\u00e1s separando o a punto de hacerlo?\"> \u00bfTe est\u00e1s separando o a punto de hacerlo? <\/span>\t\t\t\t\t\t\t\t\t\t\t\t\t\t\t\t\t\t\t<\/div>\n\t\t\t\t\t\t\t\t<\/div>\n\n\t\t\t\t\t\t\t\t\n\t\t\t\t\t\t\t\t\n\t\t\t\t\t\t\t<\/li>\n\n\t\t\t\t\t\t\t\n\t\t\t\t\t\t\t<li class=\"premium-bullet-list-content elementor-repeater-item-7f055f6\">\n\t\t\t\t\t\t\t\t<div class=\"premium-bullet-list-text\">\n\t\t\t\t\t\t\t\t\t\t\t\t\t\t\t\t\t\t\t<div class=\"premium-bullet-list-wrapper\">\n\t\t\t\t\t\t\t\t\t\t\t<div class=\"premium-drawable-icon\"><i class=\"premium-svg-nodraw fas fa-hand-point-right\" aria-hidden=\"true\"><\/i><\/div>\t\t\t\t\t\t\t\t\t\t\t<\/div>\n\t\t\t\t\t\t\t\t\t\n\t\t\t\t\t\t\t\t\t<div class=\"premium-bullet-list-text-wrapper\">\n\t\t\t\t\t\t\t\t\t\t<span class=\"premium-bullet-text\" data-text=\"\u00bfTe encuentras en una situaci\u00f3n en la que las circunstancias personales te superan y no puedes pensar con claridad?\"> \u00bfTe encuentras en una situaci\u00f3n en la que las circunstancias personales te superan y no puedes pensar con claridad? <\/span>\t\t\t\t\t\t\t\t\t\t\t\t\t\t\t\t\t\t\t<\/div>\n\t\t\t\t\t\t\t\t<\/div>\n\n\t\t\t\t\t\t\t\t\n\t\t\t\t\t\t\t\t\n\t\t\t\t\t\t\t<\/li>\n\n\t\t\t\t\t\t\t\n\t\t\t\t\t\t\t<li class=\"premium-bullet-list-content elementor-repeater-item-8082f83\">\n\t\t\t\t\t\t\t\t<div class=\"premium-bullet-list-text\">\n\t\t\t\t\t\t\t\t\t\t\t\t\t\t\t\t\t\t\t<div class=\"premium-bullet-list-wrapper\">\n\t\t\t\t\t\t\t\t\t\t\t<div class=\"premium-drawable-icon\"><i class=\"premium-svg-nodraw fas fa-hand-point-right\" aria-hidden=\"true\"><\/i><\/div>\t\t\t\t\t\t\t\t\t\t\t<\/div>\n\t\t\t\t\t\t\t\t\t\n\t\t\t\t\t\t\t\t\t<div class=\"premium-bullet-list-text-wrapper\">\n\t\t\t\t\t\t\t\t\t\t<span class=\"premium-bullet-text\" data-text=\"\u00bfNo sabes c\u00f3mo redirigir tu vida?\"> \u00bfNo sabes c\u00f3mo redirigir tu vida? <\/span>\t\t\t\t\t\t\t\t\t\t\t\t\t\t\t\t\t\t\t<\/div>\n\t\t\t\t\t\t\t\t<\/div>\n\n\t\t\t\t\t\t\t\t\n\t\t\t\t\t\t\t\t\n\t\t\t\t\t\t\t<\/li>\n\n\t\t\t\t\t\t\t\t\t\t<\/ul>\n\t\t\t\t\t\t<\/div>\n\t\t\t\t<\/div>\n\t\t\t\t<div class=\"elementor-element elementor-element-9b9a98d elementor-widget elementor-widget-text-editor\" data-id=\"9b9a98d\" data-element_type=\"widget\" data-widget_type=\"text-editor.default\">\n\t\t\t\t<div class=\"elementor-widget-container\">\n\t\t\t\t\t\t\t\t\t<p>En\u00a0Legal Domus\u00a0ofrecemos a todos nuestros clientes inmersos en un procedimiento de separaci\u00f3n o divorcio, un servicio de acompa\u00f1amiento dirigido por un profesional titulado que te aportar\u00e1 las herramientas necesarias para mejorar tu bienestar f\u00edsico y mental a trav\u00e9s de las t\u00e9cnicas del\u00a0<em>coaching<\/em>\u00a0y el\u00a0<em>mindfulness<\/em>.<\/p>\t\t\t\t\t\t\t\t<\/div>\n\t\t\t\t<\/div>\n\t\t\t\t\t<\/div>\n\t\t<\/div>\n\t\t\t\t<div class=\"elementor-column elementor-col-50 elementor-top-column elementor-element elementor-element-1922812 elementor-invisible\" data-id=\"1922812\" data-element_type=\"column\" data-settings=\"{&quot;animation&quot;:&quot;fadeInRight&quot;,&quot;background_background&quot;:&quot;classic&quot;}\">\n\t\t\t<div class=\"elementor-widget-wrap elementor-element-populated\">\n\t\t\t\t\t\t<div class=\"elementor-element elementor-element-84cd7db elementor-widget elementor-widget-spacer\" data-id=\"84cd7db\" data-element_type=\"widget\" data-widget_type=\"spacer.default\">\n\t\t\t\t<div class=\"elementor-widget-container\">\n\t\t\t\t\t\t\t<div class=\"elementor-spacer\">\n\t\t\t<div class=\"elementor-spacer-inner\"><\/div>\n\t\t<\/div>\n\t\t\t\t\t\t<\/div>\n\t\t\t\t<\/div>\n\t\t\t\t\t<\/div>\n\t\t<\/div>\n\t\t\t\t\t<\/div>\n\t\t<\/section>\n\t\t\t\t<section class=\"elementor-section elementor-top-section elementor-element elementor-element-ad76156 elementor-section-full_width elementor-section-height-default elementor-section-height-default\" data-id=\"ad76156\" data-element_type=\"section\">\n\t\t\t\t\t\t<div class=\"elementor-container elementor-column-gap-default\">\n\t\t\t\t\t<div class=\"elementor-column elementor-col-50 elementor-top-column elementor-element elementor-element-64550a8 elementor-invisible\" data-id=\"64550a8\" data-element_type=\"column\" data-settings=\"{&quot;animation&quot;:&quot;fadeInLeft&quot;,&quot;background_background&quot;:&quot;classic&quot;}\">\n\t\t\t<div class=\"elementor-widget-wrap elementor-element-populated\">\n\t\t\t\t\t\t<div class=\"elementor-element elementor-element-7588c37 elementor-widget elementor-widget-spacer\" data-id=\"7588c37\" data-element_type=\"widget\" data-widget_type=\"spacer.default\">\n\t\t\t\t<div class=\"elementor-widget-container\">\n\t\t\t\t\t\t\t<div class=\"elementor-spacer\">\n\t\t\t<div class=\"elementor-spacer-inner\"><\/div>\n\t\t<\/div>\n\t\t\t\t\t\t<\/div>\n\t\t\t\t<\/div>\n\t\t\t\t\t<\/div>\n\t\t<\/div>\n\t\t\t\t<div class=\"elementor-column elementor-col-50 elementor-top-column elementor-element elementor-element-b19a6f4 elementor-invisible\" data-id=\"b19a6f4\" data-element_type=\"column\" data-settings=\"{&quot;animation&quot;:&quot;fadeInRight&quot;}\">\n\t\t\t<div class=\"elementor-widget-wrap elementor-element-populated\">\n\t\t\t\t\t\t<div class=\"elementor-element elementor-element-8901529 elementor-widget elementor-widget-text-editor\" data-id=\"8901529\" data-element_type=\"widget\" data-widget_type=\"text-editor.default\">\n\t\t\t\t<div class=\"elementor-widget-container\">\n\t\t\t\t\t\t\t\t\t<p>Con la ayuda de nuestra colaboradora\u00a0<strong>Anna Llebaria<\/strong>,\u00a0<em>Coach<\/em>\u00a0Certificada por la Asociaci\u00f3n Espa\u00f1ola de Coaching, te guiar\u00e1 en cada una de sus sesiones totalmente personalizadas y te ayudar\u00e1 en el dise\u00f1o de un plan de acci\u00f3n para que consigas la motivaci\u00f3n y autoconfianza necesarias para superar y sobrellevar la situaci\u00f3n de crisis generada tras tu ruptura sentimental.<\/p>\t\t\t\t\t\t\t\t<\/div>\n\t\t\t\t<\/div>\n\t\t\t\t<div class=\"elementor-element elementor-element-9323fc9 elementor-invisible elementor-widget elementor-widget-button\" data-id=\"9323fc9\" data-element_type=\"widget\" data-settings=\"{&quot;_animation&quot;:&quot;fadeInRight&quot;}\" data-widget_type=\"button.default\">\n\t\t\t\t<div class=\"elementor-widget-container\">\n\t\t\t\t\t\t\t\t\t<div class=\"elementor-button-wrapper\">\n\t\t\t\t\t<a class=\"elementor-button elementor-button-link elementor-size-sm\" href=\"http:\/\/alcoachingpersonal.com\/\" target=\"_blank\">\n\t\t\t\t\t\t<span class=\"elementor-button-content-wrapper\">\n\t\t\t\t\t\t\t\t\t<span class=\"elementor-button-text\">Conoce m\u00e1s sobre Anna Llebaria<\/span>\n\t\t\t\t\t<\/span>\n\t\t\t\t\t<\/a>\n\t\t\t\t<\/div>\n\t\t\t\t\t\t\t\t<\/div>\n\t\t\t\t<\/div>\n\t\t\t\t\t<\/div>\n\t\t<\/div>\n\t\t\t\t\t<\/div>\n\t\t<\/section>\n\t\t\t\t<section class=\"elementor-section elementor-top-section elementor-element elementor-element-5eafb42 elementor-section-boxed elementor-section-height-default elementor-section-height-default\" data-id=\"5eafb42\" data-element_type=\"section\">\n\t\t\t\t\t\t<div class=\"elementor-container elementor-column-gap-default\">\n\t\t\t\t\t<div class=\"elementor-column elementor-col-100 elementor-top-column elementor-element elementor-element-0e45cbf\" data-id=\"0e45cbf\" data-element_type=\"column\">\n\t\t\t<div class=\"elementor-widget-wrap elementor-element-populated\">\n\t\t\t\t\t\t<div class=\"elementor-element elementor-element-65a9150 elementor-invisible elementor-widget elementor-widget-heading\" data-id=\"65a9150\" data-element_type=\"widget\" data-settings=\"{&quot;_animation&quot;:&quot;fadeInRight&quot;}\" data-widget_type=\"heading.default\">\n\t\t\t\t<div class=\"elementor-widget-container\">\n\t\t\t\t\t<div class=\"elementor-heading-title elementor-size-default\">Servicio de Coaching<\/div>\t\t\t\t<\/div>\n\t\t\t\t<\/div>\n\t\t\t\t<div class=\"elementor-element elementor-element-dbe4641 elementor-invisible elementor-widget elementor-widget-heading\" data-id=\"dbe4641\" data-element_type=\"widget\" data-settings=\"{&quot;_animation&quot;:&quot;fadeInRight&quot;}\" data-widget_type=\"heading.default\">\n\t\t\t\t<div class=\"elementor-widget-container\">\n\t\t\t\t\t<p class=\"elementor-heading-title elementor-size-default\">Ponte en contacto con nosotros y te ayudaremos en la gesti\u00f3n emocional de tu separaci\u00f3n o divorcio<\/p>\t\t\t\t<\/div>\n\t\t\t\t<\/div>\n\t\t\t\t<div class=\"elementor-element elementor-element-245c130 elementor-align-center elementor-invisible elementor-widget elementor-widget-button\" data-id=\"245c130\" data-element_type=\"widget\" data-settings=\"{&quot;_animation&quot;:&quot;fadeInRight&quot;}\" data-widget_type=\"button.default\">\n\t\t\t\t<div class=\"elementor-widget-container\">\n\t\t\t\t\t\t\t\t\t<div class=\"elementor-button-wrapper\">\n\t\t\t\t\t<a class=\"elementor-button elementor-button-link elementor-size-sm\" href=\"https:\/\/legaldomus.com\/en\/contacto\/\">\n\t\t\t\t\t\t<span class=\"elementor-button-content-wrapper\">\n\t\t\t\t\t\t\t\t\t<span class=\"elementor-button-text\">Contact<\/span>\n\t\t\t\t\t<\/span>\n\t\t\t\t\t<\/a>\n\t\t\t\t<\/div>\n\t\t\t\t\t\t\t\t<\/div>\n\t\t\t\t<\/div>\n\t\t\t\t\t<\/div>\n\t\t<\/div>\n\t\t\t\t\t<\/div>\n\t\t<\/section>\n\t\t\t\t<\/div>","protected":false},"excerpt":{"rendered":"<p>Legal Domus Coaching para crisis de pareja \u00bfTe est\u00e1s separando o a punto de hacerlo? \u00bfTe encuentras en una situaci\u00f3n en la que las circunstancias personales te superan y no puedes pensar con claridad? \u00bfNo sabes c\u00f3mo redirigir tu vida? En\u00a0Legal Domus\u00a0ofrecemos a todos nuestros clientes inmersos en un procedimiento de separaci\u00f3n o divorcio, un [&hellip;]<\/p>","protected":false},"author":2,"featured_media":0,"parent":0,"menu_order":0,"comment_status":"closed","ping_status":"closed","template":"elementor_header_footer","meta":{"footnotes":""},"class_list":["post-626","page","type-page","status-publish","hentry"],"yoast_head":"<!-- This site is optimized with the Yoast SEO plugin v25.6 - https:\/\/yoast.com\/wordpress\/plugins\/seo\/ -->\n<title>Coaching para crisis de pareja - Legal Domus - Abogados de divorcios en Sant Feliu - Servicio a domicilio<\/title>\n<meta name=\"robots\" content=\"index, follow, max-snippet:-1, max-image-preview:large, max-video-preview:-1\" \/>\n<link rel=\"canonical\" href=\"https:\/\/legaldomus.com\/en\/coaching-para-crisis-de-pareja\/\" \/>\n<meta property=\"og:locale\" content=\"en_GB\" \/>\n<meta property=\"og:type\" content=\"article\" \/>\n<meta property=\"og:title\" content=\"Coaching para crisis de pareja - Legal Domus - Abogados de divorcios en Sant Feliu - Servicio a domicilio\" \/>\n<meta property=\"og:description\" content=\"Legal Domus Coaching para crisis de pareja \u00bfTe est\u00e1s separando o a punto de hacerlo? \u00bfTe encuentras en una situaci\u00f3n en la que las circunstancias personales te superan y no puedes pensar con claridad? \u00bfNo sabes c\u00f3mo redirigir tu vida? En\u00a0Legal Domus\u00a0ofrecemos a todos nuestros clientes inmersos en un procedimiento de separaci\u00f3n o divorcio, un [&hellip;]\" \/>\n<meta property=\"og:url\" content=\"https:\/\/legaldomus.com\/en\/coaching-para-crisis-de-pareja\/\" \/>\n<meta property=\"og:site_name\" content=\"Legal Domus - Abogados de divorcios en Sant Feliu - Servicio a domicilio\" \/>\n<meta property=\"article:publisher\" content=\"https:\/\/www.facebook.com\/legaldomus\/?locale=es_ES\" \/>\n<meta property=\"article:modified_time\" content=\"2023-02-18T12:25:20+00:00\" \/>\n<meta property=\"og:image\" content=\"https:\/\/legaldomus.com\/wp-content\/uploads\/2022\/12\/Creative-underline.png\" \/>\n<meta name=\"twitter:card\" content=\"summary_large_image\" \/>\n<meta name=\"twitter:site\" content=\"@legaldomus\" \/>\n<meta name=\"twitter:label1\" content=\"Estimated reading time\" \/>\n\t<meta name=\"twitter:data1\" content=\"1 minute\" \/>\n<script type=\"application\/ld+json\" class=\"yoast-schema-graph\">{\"@context\":\"https:\/\/schema.org\",\"@graph\":[{\"@type\":\"WebPage\",\"@id\":\"https:\/\/legaldomus.com\/coaching-para-crisis-de-pareja\/\",\"url\":\"https:\/\/legaldomus.com\/coaching-para-crisis-de-pareja\/\",\"name\":\"Coaching para crisis de pareja - Legal Domus - Abogados de divorcios en Sant Feliu - Servicio a domicilio\",\"isPartOf\":{\"@id\":\"https:\/\/legaldomus.com\/#website\"},\"primaryImageOfPage\":{\"@id\":\"https:\/\/legaldomus.com\/coaching-para-crisis-de-pareja\/#primaryimage\"},\"image\":{\"@id\":\"https:\/\/legaldomus.com\/coaching-para-crisis-de-pareja\/#primaryimage\"},\"thumbnailUrl\":\"https:\/\/legaldomus.com\/wp-content\/uploads\/2022\/12\/Creative-underline.png\",\"datePublished\":\"2023-02-18T11:58:58+00:00\",\"dateModified\":\"2023-02-18T12:25:20+00:00\",\"breadcrumb\":{\"@id\":\"https:\/\/legaldomus.com\/coaching-para-crisis-de-pareja\/#breadcrumb\"},\"inLanguage\":\"en-GB\",\"potentialAction\":[{\"@type\":\"ReadAction\",\"target\":[\"https:\/\/legaldomus.com\/coaching-para-crisis-de-pareja\/\"]}]},{\"@type\":\"ImageObject\",\"inLanguage\":\"en-GB\",\"@id\":\"https:\/\/legaldomus.com\/coaching-para-crisis-de-pareja\/#primaryimage\",\"url\":\"https:\/\/legaldomus.com\/wp-content\/uploads\/2022\/12\/Creative-underline.png\",\"contentUrl\":\"https:\/\/legaldomus.com\/wp-content\/uploads\/2022\/12\/Creative-underline.png\"},{\"@type\":\"BreadcrumbList\",\"@id\":\"https:\/\/legaldomus.com\/coaching-para-crisis-de-pareja\/#breadcrumb\",\"itemListElement\":[{\"@type\":\"ListItem\",\"position\":1,\"name\":\"Portada\",\"item\":\"https:\/\/legaldomus.com\/\"},{\"@type\":\"ListItem\",\"position\":2,\"name\":\"Coaching para crisis de pareja\"}]},{\"@type\":\"WebSite\",\"@id\":\"https:\/\/legaldomus.com\/#website\",\"url\":\"https:\/\/legaldomus.com\/\",\"name\":\"Legal Domus - Abogados de divorcios en Sant Feliu - Servicio a domicilio\",\"description\":\"Bufete familiar especializado en derecho matrimonial \",\"publisher\":{\"@id\":\"https:\/\/legaldomus.com\/#organization\"},\"potentialAction\":[{\"@type\":\"SearchAction\",\"target\":{\"@type\":\"EntryPoint\",\"urlTemplate\":\"https:\/\/legaldomus.com\/?s={search_term_string}\"},\"query-input\":{\"@type\":\"PropertyValueSpecification\",\"valueRequired\":true,\"valueName\":\"search_term_string\"}}],\"inLanguage\":\"en-GB\"},{\"@type\":\"Organization\",\"@id\":\"https:\/\/legaldomus.com\/#organization\",\"name\":\"Legal Domus - Abogados de divorcios en Sant Feliu - Servicio a domicilio\",\"url\":\"https:\/\/legaldomus.com\/\",\"logo\":{\"@type\":\"ImageObject\",\"inLanguage\":\"en-GB\",\"@id\":\"https:\/\/legaldomus.com\/#\/schema\/logo\/image\/\",\"url\":\"https:\/\/legaldomus.com\/wp-content\/uploads\/2022\/12\/Logo-sense-fons.png\",\"contentUrl\":\"https:\/\/legaldomus.com\/wp-content\/uploads\/2022\/12\/Logo-sense-fons.png\",\"width\":816,\"height\":160,\"caption\":\"Legal Domus - Abogados de divorcios en Sant Feliu - Servicio a domicilio\"},\"image\":{\"@id\":\"https:\/\/legaldomus.com\/#\/schema\/logo\/image\/\"},\"sameAs\":[\"https:\/\/www.facebook.com\/legaldomus\/?locale=es_ES\",\"https:\/\/x.com\/legaldomus\"]}]}<\/script>\n<!-- \/ Yoast SEO plugin. -->","yoast_head_json":{"title":"Coaching para crisis de pareja - Legal Domus - Abogados de divorcios en Sant Feliu - Servicio a domicilio","robots":{"index":"index","follow":"follow","max-snippet":"max-snippet:-1","max-image-preview":"max-image-preview:large","max-video-preview":"max-video-preview:-1"},"canonical":"https:\/\/legaldomus.com\/en\/coaching-para-crisis-de-pareja\/","og_locale":"en_GB","og_type":"article","og_title":"Coaching para crisis de pareja - Legal Domus - Abogados de divorcios en Sant Feliu - Servicio a domicilio","og_description":"Legal Domus Coaching para crisis de pareja \u00bfTe est\u00e1s separando o a punto de hacerlo? \u00bfTe encuentras en una situaci\u00f3n en la que las circunstancias personales te superan y no puedes pensar con claridad? \u00bfNo sabes c\u00f3mo redirigir tu vida? En\u00a0Legal Domus\u00a0ofrecemos a todos nuestros clientes inmersos en un procedimiento de separaci\u00f3n o divorcio, un [&hellip;]","og_url":"https:\/\/legaldomus.com\/en\/coaching-para-crisis-de-pareja\/","og_site_name":"Legal Domus - Abogados de divorcios en Sant Feliu - Servicio a domicilio","article_publisher":"https:\/\/www.facebook.com\/legaldomus\/?locale=es_ES","article_modified_time":"2023-02-18T12:25:20+00:00","og_image":[{"url":"https:\/\/legaldomus.com\/wp-content\/uploads\/2022\/12\/Creative-underline.png","type":"","width":"","height":""}],"twitter_card":"summary_large_image","twitter_site":"@legaldomus","twitter_misc":{"Estimated reading time":"1 minute"},"schema":{"@context":"https:\/\/schema.org","@graph":[{"@type":"WebPage","@id":"https:\/\/legaldomus.com\/coaching-para-crisis-de-pareja\/","url":"https:\/\/legaldomus.com\/coaching-para-crisis-de-pareja\/","name":"Coaching para crisis de pareja - Legal Domus - Abogados de divorcios en Sant Feliu - Servicio a domicilio","isPartOf":{"@id":"https:\/\/legaldomus.com\/#website"},"primaryImageOfPage":{"@id":"https:\/\/legaldomus.com\/coaching-para-crisis-de-pareja\/#primaryimage"},"image":{"@id":"https:\/\/legaldomus.com\/coaching-para-crisis-de-pareja\/#primaryimage"},"thumbnailUrl":"https:\/\/legaldomus.com\/wp-content\/uploads\/2022\/12\/Creative-underline.png","datePublished":"2023-02-18T11:58:58+00:00","dateModified":"2023-02-18T12:25:20+00:00","breadcrumb":{"@id":"https:\/\/legaldomus.com\/coaching-para-crisis-de-pareja\/#breadcrumb"},"inLanguage":"en-GB","potentialAction":[{"@type":"ReadAction","target":["https:\/\/legaldomus.com\/coaching-para-crisis-de-pareja\/"]}]},{"@type":"ImageObject","inLanguage":"en-GB","@id":"https:\/\/legaldomus.com\/coaching-para-crisis-de-pareja\/#primaryimage","url":"https:\/\/legaldomus.com\/wp-content\/uploads\/2022\/12\/Creative-underline.png","contentUrl":"https:\/\/legaldomus.com\/wp-content\/uploads\/2022\/12\/Creative-underline.png"},{"@type":"BreadcrumbList","@id":"https:\/\/legaldomus.com\/coaching-para-crisis-de-pareja\/#breadcrumb","itemListElement":[{"@type":"ListItem","position":1,"name":"Portada","item":"https:\/\/legaldomus.com\/"},{"@type":"ListItem","position":2,"name":"Coaching para crisis de pareja"}]},{"@type":"WebSite","@id":"https:\/\/legaldomus.com\/#website","url":"https:\/\/legaldomus.com\/","name":"Legal Domus - Abogados de divorcios en Sant Feliu - Servicio a domicilio","description":"Bufete familiar especializado en derecho matrimonial ","publisher":{"@id":"https:\/\/legaldomus.com\/#organization"},"potentialAction":[{"@type":"SearchAction","target":{"@type":"EntryPoint","urlTemplate":"https:\/\/legaldomus.com\/?s={search_term_string}"},"query-input":{"@type":"PropertyValueSpecification","valueRequired":true,"valueName":"search_term_string"}}],"inLanguage":"en-GB"},{"@type":"Organization","@id":"https:\/\/legaldomus.com\/#organization","name":"Legal Domus - Abogados de divorcios en Sant Feliu - Servicio a domicilio","url":"https:\/\/legaldomus.com\/","logo":{"@type":"ImageObject","inLanguage":"en-GB","@id":"https:\/\/legaldomus.com\/#\/schema\/logo\/image\/","url":"https:\/\/legaldomus.com\/wp-content\/uploads\/2022\/12\/Logo-sense-fons.png","contentUrl":"https:\/\/legaldomus.com\/wp-content\/uploads\/2022\/12\/Logo-sense-fons.png","width":816,"height":160,"caption":"Legal Domus - Abogados de divorcios en Sant Feliu - Servicio a domicilio"},"image":{"@id":"https:\/\/legaldomus.com\/#\/schema\/logo\/image\/"},"sameAs":["https:\/\/www.facebook.com\/legaldomus\/?locale=es_ES","https:\/\/x.com\/legaldomus"]}]}},"_links":{"self":[{"href":"https:\/\/legaldomus.com\/en\/wp-json\/wp\/v2\/pages\/626","targetHints":{"allow":["GET"]}}],"collection":[{"href":"https:\/\/legaldomus.com\/en\/wp-json\/wp\/v2\/pages"}],"about":[{"href":"https:\/\/legaldomus.com\/en\/wp-json\/wp\/v2\/types\/page"}],"author":[{"embeddable":true,"href":"https:\/\/legaldomus.com\/en\/wp-json\/wp\/v2\/users\/2"}],"replies":[{"embeddable":true,"href":"https:\/\/legaldomus.com\/en\/wp-json\/wp\/v2\/comments?post=626"}],"version-history":[{"count":11,"href":"https:\/\/legaldomus.com\/en\/wp-json\/wp\/v2\/pages\/626\/revisions"}],"predecessor-version":[{"id":641,"href":"https:\/\/legaldomus.com\/en\/wp-json\/wp\/v2\/pages\/626\/revisions\/641"}],"wp:attachment":[{"href":"https:\/\/legaldomus.com\/en\/wp-json\/wp\/v2\/media?parent=626"}],"curies":[{"name":"wp","href":"https:\/\/api.w.org\/{rel}","templated":true}]}}