{"id":755,"date":"2023-02-19T15:53:39","date_gmt":"2023-02-19T15:53:39","guid":{"rendered":"https:\/\/legaldomus.com\/?page_id=755"},"modified":"2023-03-13T15:02:20","modified_gmt":"2023-03-13T15:02:20","slug":"politicas-de-privacidad","status":"publish","type":"page","link":"https:\/\/legaldomus.com\/en\/politicas-de-privacidad\/","title":{"rendered":"Pol\u00edticas de Privacidad"},"content":{"rendered":"<style>.elementor-755 .elementor-element.elementor-element-f466f8b > .elementor-background-overlay{background-color:transparent;background-image:linear-gradient(250deg, var( --e-global-color-5abc125 ) 0%, var( --e-global-color-c26e4b0 ) 100%);opacity:0.62;transition:background 0.3s, border-radius 0.3s, opacity 0.3s;}.elementor-755 .elementor-element.elementor-element-f466f8b{transition:background 0.3s, border 0.3s, border-radius 0.3s, box-shadow 0.3s;margin-top:0px;margin-bottom:0px;padding:100px 15px 100px 15px;}.elementor-755 .elementor-element.elementor-element-168fb4c > .elementor-widget-wrap > .elementor-widget:not(.elementor-widget__width-auto):not(.elementor-widget__width-initial):not(:last-child):not(.elementor-absolute){margin-bottom:0px;}.elementor-755 .elementor-element.elementor-element-168fb4c > .elementor-element-populated{margin:0px 0px 0px 0px;--e-column-margin-right:0px;--e-column-margin-left:0px;padding:0px 0px 0px 0px;}.elementor-755 .elementor-element.elementor-element-a0412a8 > .elementor-widget-container{margin:0px 0px 0px 0px;padding:0px 0px 24px 0px;}.elementor-755 .elementor-element.elementor-element-a0412a8 .elementor-image-box-wrapper{text-align:center;}.elementor-755 .elementor-element.elementor-element-a0412a8 .elementor-image-box-title{margin-bottom:0px;font-family:\"Outfit\", Sans-serif;font-size:1.37em;font-weight:500;text-transform:uppercase;line-height:0em;letter-spacing:0.02px;color:#FFFFFF;}.elementor-755 .elementor-element.elementor-element-be13281 > .elementor-widget-container{margin:0% 0% 0% 0%;padding:0px 0px 26px 0px;}.elementor-755 .elementor-element.elementor-element-be13281{text-align:center;}.elementor-755 .elementor-element.elementor-element-be13281 .elementor-heading-title{font-family:\"DM Sans\", Sans-serif;font-size:3.333em;font-weight:700;text-transform:none;line-height:1.15em;letter-spacing:-0.5px;}.elementor-755 .elementor-element.elementor-element-de09fb8{margin-top:5%;margin-bottom:5%;padding:0px 20px 0px 20px;}.elementor-755 .elementor-element.elementor-element-87f341f > .elementor-widget-container{margin:20px 20px 0px 20px;}@media(max-width:767px){.elementor-755 .elementor-element.elementor-element-a0412a8 .elementor-image-box-wrapper{text-align:left;}.elementor-755 .elementor-element.elementor-element-be13281 > .elementor-widget-container{margin:0% 0% 0% 0%;padding:0px 0px 43px 0px;}.elementor-755 .elementor-element.elementor-element-be13281{text-align:left;}.elementor-755 .elementor-element.elementor-element-be13281 .elementor-heading-title{font-size:45px;line-height:55px;}}<\/style>\t\t<div data-elementor-type=\"wp-page\" data-elementor-id=\"755\" class=\"elementor elementor-755\" data-elementor-post-type=\"page\">\n\t\t\t\t\t\t<section class=\"elementor-section elementor-top-section elementor-element elementor-element-f466f8b elementor-section-boxed elementor-section-height-default elementor-section-height-default\" data-id=\"f466f8b\" data-element_type=\"section\" data-settings=\"{&quot;background_background&quot;:&quot;slideshow&quot;,&quot;background_slideshow_gallery&quot;:[{&quot;id&quot;:471,&quot;url&quot;:&quot;https:\\\/\\\/legaldomus.com\\\/wp-content\\\/uploads\\\/2023\\\/02\\\/que-ofrecemos-legal-domus.jpg&quot;}],&quot;background_slideshow_loop&quot;:&quot;yes&quot;,&quot;background_slideshow_slide_duration&quot;:5000,&quot;background_slideshow_slide_transition&quot;:&quot;fade&quot;,&quot;background_slideshow_transition_duration&quot;:500}\">\n\t\t\t\t\t\t\t<div class=\"elementor-background-overlay\"><\/div>\n\t\t\t\t\t\t\t<div class=\"elementor-container elementor-column-gap-default\">\n\t\t\t\t\t<div class=\"elementor-column elementor-col-100 elementor-top-column elementor-element elementor-element-168fb4c\" data-id=\"168fb4c\" data-element_type=\"column\">\n\t\t\t<div class=\"elementor-widget-wrap elementor-element-populated\">\n\t\t\t\t\t\t<div class=\"elementor-element elementor-element-be13281 elementor-widget elementor-widget-heading\" data-id=\"be13281\" data-element_type=\"widget\" data-widget_type=\"heading.default\">\n\t\t\t\t<div class=\"elementor-widget-container\">\n\t\t\t\t\t<h1 class=\"elementor-heading-title elementor-size-default\">Privacy Policy<\/h1>\t\t\t\t<\/div>\n\t\t\t\t<\/div>\n\t\t\t\t\t<\/div>\n\t\t<\/div>\n\t\t\t\t\t<\/div>\n\t\t<\/section>\n\t\t\t\t<section class=\"elementor-section elementor-top-section elementor-element elementor-element-de09fb8 elementor-section-boxed elementor-section-height-default elementor-section-height-default\" data-id=\"de09fb8\" data-element_type=\"section\">\n\t\t\t\t\t\t<div class=\"elementor-container elementor-column-gap-default\">\n\t\t\t\t\t<div class=\"elementor-column elementor-col-100 elementor-top-column elementor-element elementor-element-a1efc7d\" data-id=\"a1efc7d\" data-element_type=\"column\">\n\t\t\t<div class=\"elementor-widget-wrap elementor-element-populated\">\n\t\t\t\t\t\t<div class=\"elementor-element elementor-element-87f341f elementor-widget elementor-widget-text-editor\" data-id=\"87f341f\" data-element_type=\"widget\" data-widget_type=\"text-editor.default\">\n\t\t\t\t<div class=\"elementor-widget-container\">\n\t\t\t\t\t\t\t\t\t<p><\/p>\n<p class=\"p1\"><b>\u00bfQui\u00e9n es el responsable del tratamiento de sus datos?<\/b><\/p>\n<ul class=\"ul1\">\n<li class=\"li2\"><span class=\"s1\">Identidad: ALEXANDRA FERNANDEZ SANCHEZ<\/span><\/li>\n<li class=\"li2\"><span class=\"s1\">N\u00famero de documento:46677968C<\/span><\/li>\n<li class=\"li2\"><span class=\"s1\">Direcci\u00f3n postal: Calle Roses, 83, Local, CP 08980 SANT FELIU DE LLOBREGAT, Barcelona<\/span><\/li>\n<li class=\"li2\"><span class=\"s1\">Telephone: 93 188 20 98<\/span><\/li>\n<li class=\"li3\"><span class=\"s3\">Email:\u00a0<a href=\"mailto:administracio@legaldomus.com\"><span class=\"s4\">administracio@legaldomus.com<\/span><\/a><\/span><\/li>\n<\/ul>\n<p class=\"p1\"><b>\u00bfCon qu\u00e9 finalidad tratamos sus datos personales?<\/b><\/p>\n<ul class=\"ul1\">\n<li class=\"li2\"><span class=\"s1\">Cumplir con el deber de informaci\u00f3n y\/u obtenci\u00f3n de consentimientos requeridos por la nueva normativa europea de protecci\u00f3n de datos de car\u00e1cter personal, o cualquier otra obligaci\u00f3n legalmente establecida.<\/span><\/li>\n<li class=\"li2\"><span class=\"s1\">Gestionar las consultas, peticiones de informaci\u00f3n, presupuestos, solicitudes, dando respuesta y contestaci\u00f3n a las mismas.<\/span><\/li>\n<li class=\"li2\"><span class=\"s1\">Gestionar la propia prestaci\u00f3n de servicios, pedidos o productos relacionados con nuestra actividad mercantil y econ\u00f3mica.<\/span><\/li>\n<li class=\"li2\"><span class=\"s1\">En el caso de que nos remita su curr\u00edculo o se inscriba en las diferentes ofertas de trabajo que podamos publicar, trataremos sus datos con el fin de valorar y gestionar su solicitud de empleo y en su caso, llevar a cabo las actuaciones necesarias para la selecci\u00f3n y contrataci\u00f3n de personal, a fin de ofrecer puestos que se ajusten a tu perfil. Salvo que se indique lo contrario, la aportaci\u00f3n de los datos requeridos es necesaria, por lo que su no aportaci\u00f3n impedir\u00e1 la continuidad del proceso de selecci\u00f3n.<\/span><\/li>\n<li class=\"li2\"><span class=\"s1\">S\u00f3lo en el caso de que usted lo haya consentido expresamente de forma previa, tambi\u00e9n trataremos sus datos para el env\u00edo de comunicaciones comerciales de nuestros productos o servicios, salvo que usted manifieste su voluntad en contra por cualquier medio. En cualquier caso, la autorizaci\u00f3n para tratar sus datos con este fin es voluntaria y su negativa s\u00f3lo tendr\u00eda como consecuencia el hecho de que usted no recibir\u00eda ofertas comerciales de nuestros productos o servicios.<\/span><\/li>\n<\/ul>\n<p class=\"p1\"><b>\u00bfDurante cu\u00e1nto tiempo trataremos sus datos?<\/b><\/p>\n<p class=\"p1\">Los datos personales que nos proporcione ser\u00e1n conservados mientras se mantenga la relaci\u00f3n contractual \/ mercantil vigente, o bien durante un plazo de cuatro a\u00f1os a partir de la \u00faltima relaci\u00f3n negocial siguiendo la normativa a efectos fiscales.<\/p>\n<p class=\"p1\">No obstante, s\u00f3lo en el caso de que nos hayas dado el consentimiento para comunicaciones comerciales, nuestra entidad seguir\u00e1 conservando su informaci\u00f3n para el env\u00edo de dichas comunicaciones de car\u00e1cter comercial que consideremos sea de su inter\u00e9s, mientras no se solicite su supresi\u00f3n por el interesado. Posteriormente, los datos ser\u00e1n suprimidos conforme a lo dispuesto en la normativa de protecci\u00f3n de datos lo que implica su bloqueo, estando disponibles tan solo a solicitud de Jueces y tribunales, el Ministerio Fiscal o las Administraciones P\u00fablicas competentes durante el plazo de prescripci\u00f3n de las acciones que pudieran derivar y, transcurrido \u00e9ste, su completa eliminaci\u00f3n. Siempre podr\u00e1 ejercitar los derechos que le reconoce la normativa vigente poni\u00e9ndose en contacto a trav\u00e9s de la v\u00eda que le sea m\u00e1s c\u00f3moda.<\/p>\n<p class=\"p1\"><b>\u00bfPor qu\u00e9 tratamos sus datos?<\/b><\/p>\n<p class=\"p1\">La base legal para tratar sus datos personales puede variar seg\u00fan las finalidades anteriores, entre las que se encuentran:<\/p>\n<ol class=\"ol1\">\n<li class=\"li2\"><span class=\"s1\">La aplicaci\u00f3n de medidas precontractuales, o la propia relaci\u00f3n contractual para la prestaci\u00f3n del servicio solicitado en base a la ejecuci\u00f3n del contrato de servicios necesario para la realizaci\u00f3n de la operaci\u00f3n negocial.<\/span><\/li>\n<li class=\"li2\"><span class=\"s1\">Su consentimiento expreso como propio y principal interesado, para por ejemplo posibles comunicaciones comerciales o para la recogida y tratamiento de curr\u00edculum en posibles procesos de selecci\u00f3n de la entidad.<\/span><\/li>\n<li class=\"li2\"><span class=\"s1\">Inter\u00e9s leg\u00edtimo de la entidad para atender a los requerimientos de informaci\u00f3n, fidelizaci\u00f3n de clientes, resoluci\u00f3n de consultas y mejorar la calidad de nuestros productos y servicios para atenderle de manera m\u00e1s personalizada.<\/span><\/li>\n<\/ol>\n<p class=\"p1\"><b>\u00bfA qu\u00e9 destinatarios se comunicar\u00e1n sus datos?<\/b><\/p>\n<p class=\"p1\">Por regla general no se comunicar\u00e1n sus datos a ning\u00fan tercero, salvo obligaciones legales vigentes. En todo caso que cambie esta posibilidad se le informar\u00e1 debidamente solicitando su consentimiento para dicha cesi\u00f3n. Le informamos que tampoco se realizar\u00e1n transferencias internacionales.<\/p>\n<p class=\"p1\">No obstante, le informamos que para la correcta prestaci\u00f3n de los servicios (v\u00e9ase, alojamiento web, soporte, email marketing, etc.), distintos prestadores de servicios contratados por nuestra entidad (encargados del tratamiento) podr\u00edan tener acceso a la informaci\u00f3n personal necesaria para realizar sus funciones y con el \u00fanico objetivo de garantizar el correcto desarrollo de la relaci\u00f3n contractual y\/o comercial y dar cumplimiento a obligaciones legales de la entidad.<\/p>\n<p class=\"p1\">Estos servicios prestados por terceros son necesarios para el desarrollo de nuestra actividad y, en todo momento, el tratamiento de los datos que lleven a cabo se rige por un contrato que vincula al encargado respecto a nuestra entidad. En ning\u00fan caso utilizar\u00e1n la informaci\u00f3n para otros fines y la tratar\u00e1n de conformidad con las directrices estipuladas por nuestra entidad, acordes a su pol\u00edtica de privacidad y a la normativa vigente en materia de protecci\u00f3n de datos.<\/p>\n<p class=\"p1\">Nuestra entidad en su compromiso con la privacidad y protecci\u00f3n de datos del Usuario elegir\u00e1 \u00fanicamente prestadores de servicio que ofrezcan las garant\u00edas suficientes para aplicar medidas t\u00e9cnicas y organizativas apropiadas, de manera que el tratamiento sea conforme la legislaci\u00f3n aplicable en materia de protecci\u00f3n de datos y garanticen la protecci\u00f3n de los derechos del Usuario.<\/p>\n<p class=\"p1\"><b>\u00bfCu\u00e1les son sus derechos cuando nos facilita sus datos?<\/b><\/p>\n<p class=\"p1\">Cualquier persona tiene derecho a obtener confirmaci\u00f3n sobre si estamos tratando datos personales que les conciernan o no. En este sentido, usted tiene derecho a solicitar:<\/p>\n<p class=\"p1\">Acceso: el interesado tendr\u00e1 derecho a obtener del responsable del tratamiento confirmaci\u00f3n de si se est\u00e1n tratando o no los datos que le conciernan, as\u00ed como informaci\u00f3n detallada acerca de determinados aspectos del tratamiento que se est\u00e9 llevando a cabo.<\/p>\n<p class=\"p1\">Rectificaci\u00f3n: el interesado tendr\u00e1 derecho a obtener la rectificaci\u00f3n de los datos personales inexactos que le concierne o que se completen aquellos que fueran incompletos.<\/p>\n<p class=\"p1\">Supresi\u00f3n: el interesado tendr\u00e1 derecho a solicitar la supresi\u00f3n de sus datos personales, en todo caso la supresi\u00f3n estar\u00e1 sujeta a los l\u00edmites establecidos en la norma reguladora.<\/p>\n<p class=\"p1\">Limitaci\u00f3n de su tratamiento: el interesado tendr\u00e1 derecho a solicitar la limitaci\u00f3n respecto al tratamiento de sus datos de car\u00e1cter personal<\/p>\n<p class=\"p1\">Oposici\u00f3n al tratamiento: en determinadas circunstancias\u00a0 y por motivos relacionados con su situaci\u00f3n particular, los interesados podr\u00e1n oponerse al tratamiento de sus datos. La entidad dejar\u00e1 de tratar los datos, salvo por motivos leg\u00edtimos, imperiosos, o el ejercicio o la defensa de posibles reclamaciones.<\/p>\n<p class=\"p1\">Derecho a la portabilidad de sus datos: es decir, tendr\u00e1 derecho a recibir los datos personales que le incumban, que haya facilitado a un responsable del tratamiento, en un formato estructurado, de uso com\u00fan y lectura mec\u00e1nica y a transmitirlos a otro responsable del tratamiento.<\/p>\n<p class=\"p1\">Podr\u00e1 ejercer los referidos derechos, dirigi\u00e9ndose al responsable. Para ello, puede utilizar los datos de contacto facilitados al inicio del presente documento. Si desea obtener informaci\u00f3n adicional respecto al ejercicio de sus derechos, tambi\u00e9n puede dirigirse a la Agencia Espa\u00f1ola de Protecci\u00f3n de Datos.<\/p>\n<p class=\"p1\">Asimismo, le informamos que si lo cree oportuno tiene el derecho a retirar, en cualquier momento el consentimiento otorgado para alguna finalidad espec\u00edfica, sin que ello afecte a la licitud del tratamiento, basado en el consentimiento previo a su retirada. En caso de que entendiera que no se han atendido adecuadamente sus derechos, podr\u00e1 presentar una reclamaci\u00f3n ante la Agencia Espa\u00f1ola de Protecci\u00f3n de Datos. C\/ Jorge Juan, 6. 28001 \u2013 Madrid. www.agpd.es.<\/p>\n<p><\/p>\n<p><\/p>\t\t\t\t\t\t\t\t<\/div>\n\t\t\t\t<\/div>\n\t\t\t\t\t<\/div>\n\t\t<\/div>\n\t\t\t\t\t<\/div>\n\t\t<\/section>\n\t\t\t\t<\/div>","protected":false},"excerpt":{"rendered":"<p>Pol\u00edtica de Privacidad \u00bfQui\u00e9n es el responsable del tratamiento de sus datos? Identidad: ALEXANDRA FERNANDEZ SANCHEZ N\u00famero de documento:46677968C Direcci\u00f3n postal: Calle Roses, 83, Local, CP 08980 SANT FELIU DE LLOBREGAT, Barcelona Tel\u00e9fono: 93 188 20 98 Email:\u00a0administracio@legaldomus.com \u00bfCon qu\u00e9 finalidad tratamos sus datos personales? Cumplir con el deber de informaci\u00f3n y\/u obtenci\u00f3n de consentimientos [&hellip;]<\/p>","protected":false},"author":2,"featured_media":0,"parent":0,"menu_order":0,"comment_status":"closed","ping_status":"closed","template":"elementor_header_footer","meta":{"footnotes":""},"class_list":["post-755","page","type-page","status-publish","hentry"],"yoast_head":"<!-- This site is optimized with the Yoast SEO plugin v25.6 - https:\/\/yoast.com\/wordpress\/plugins\/seo\/ -->\n<title>Pol\u00edticas de Privacidad - Legal Domus - Abogados de divorcios en Sant Feliu - Servicio a domicilio<\/title>\n<meta name=\"robots\" content=\"index, follow, max-snippet:-1, max-image-preview:large, max-video-preview:-1\" \/>\n<link rel=\"canonical\" href=\"https:\/\/legaldomus.com\/en\/politicas-de-privacidad\/\" \/>\n<meta property=\"og:locale\" content=\"en_GB\" \/>\n<meta property=\"og:type\" content=\"article\" \/>\n<meta property=\"og:title\" content=\"Pol\u00edticas de Privacidad - Legal Domus - Abogados de divorcios en Sant Feliu - Servicio a domicilio\" \/>\n<meta property=\"og:description\" content=\"Pol\u00edtica de Privacidad \u00bfQui\u00e9n es el responsable del tratamiento de sus datos? Identidad: ALEXANDRA FERNANDEZ SANCHEZ N\u00famero de documento:46677968C Direcci\u00f3n postal: Calle Roses, 83, Local, CP 08980 SANT FELIU DE LLOBREGAT, Barcelona Tel\u00e9fono: 93 188 20 98 Email:\u00a0administracio@legaldomus.com \u00bfCon qu\u00e9 finalidad tratamos sus datos personales? Cumplir con el deber de informaci\u00f3n y\/u obtenci\u00f3n de consentimientos [&hellip;]\" \/>\n<meta property=\"og:url\" content=\"https:\/\/legaldomus.com\/en\/politicas-de-privacidad\/\" \/>\n<meta property=\"og:site_name\" content=\"Legal Domus - Abogados de divorcios en Sant Feliu - Servicio a domicilio\" \/>\n<meta property=\"article:publisher\" content=\"https:\/\/www.facebook.com\/legaldomus\/?locale=es_ES\" \/>\n<meta property=\"article:modified_time\" content=\"2023-03-13T15:02:20+00:00\" \/>\n<meta name=\"twitter:card\" content=\"summary_large_image\" \/>\n<meta name=\"twitter:site\" content=\"@legaldomus\" \/>\n<meta name=\"twitter:label1\" content=\"Estimated reading time\" \/>\n\t<meta name=\"twitter:data1\" content=\"6 minutes\" \/>\n<script type=\"application\/ld+json\" class=\"yoast-schema-graph\">{\"@context\":\"https:\/\/schema.org\",\"@graph\":[{\"@type\":\"WebPage\",\"@id\":\"https:\/\/legaldomus.com\/politicas-de-privacidad\/\",\"url\":\"https:\/\/legaldomus.com\/politicas-de-privacidad\/\",\"name\":\"Pol\u00edticas de Privacidad - Legal Domus - Abogados de divorcios en Sant Feliu - Servicio a domicilio\",\"isPartOf\":{\"@id\":\"https:\/\/legaldomus.com\/#website\"},\"datePublished\":\"2023-02-19T15:53:39+00:00\",\"dateModified\":\"2023-03-13T15:02:20+00:00\",\"breadcrumb\":{\"@id\":\"https:\/\/legaldomus.com\/politicas-de-privacidad\/#breadcrumb\"},\"inLanguage\":\"en-GB\",\"potentialAction\":[{\"@type\":\"ReadAction\",\"target\":[\"https:\/\/legaldomus.com\/politicas-de-privacidad\/\"]}]},{\"@type\":\"BreadcrumbList\",\"@id\":\"https:\/\/legaldomus.com\/politicas-de-privacidad\/#breadcrumb\",\"itemListElement\":[{\"@type\":\"ListItem\",\"position\":1,\"name\":\"Portada\",\"item\":\"https:\/\/legaldomus.com\/\"},{\"@type\":\"ListItem\",\"position\":2,\"name\":\"Pol\u00edticas de Privacidad\"}]},{\"@type\":\"WebSite\",\"@id\":\"https:\/\/legaldomus.com\/#website\",\"url\":\"https:\/\/legaldomus.com\/\",\"name\":\"Legal Domus - Abogados de divorcios en Sant Feliu - Servicio a domicilio\",\"description\":\"Bufete familiar especializado en derecho matrimonial \",\"publisher\":{\"@id\":\"https:\/\/legaldomus.com\/#organization\"},\"potentialAction\":[{\"@type\":\"SearchAction\",\"target\":{\"@type\":\"EntryPoint\",\"urlTemplate\":\"https:\/\/legaldomus.com\/?s={search_term_string}\"},\"query-input\":{\"@type\":\"PropertyValueSpecification\",\"valueRequired\":true,\"valueName\":\"search_term_string\"}}],\"inLanguage\":\"en-GB\"},{\"@type\":\"Organization\",\"@id\":\"https:\/\/legaldomus.com\/#organization\",\"name\":\"Legal Domus - Abogados de divorcios en Sant Feliu - Servicio a domicilio\",\"url\":\"https:\/\/legaldomus.com\/\",\"logo\":{\"@type\":\"ImageObject\",\"inLanguage\":\"en-GB\",\"@id\":\"https:\/\/legaldomus.com\/#\/schema\/logo\/image\/\",\"url\":\"https:\/\/legaldomus.com\/wp-content\/uploads\/2022\/12\/Logo-sense-fons.png\",\"contentUrl\":\"https:\/\/legaldomus.com\/wp-content\/uploads\/2022\/12\/Logo-sense-fons.png\",\"width\":816,\"height\":160,\"caption\":\"Legal Domus - Abogados de divorcios en Sant Feliu - Servicio a domicilio\"},\"image\":{\"@id\":\"https:\/\/legaldomus.com\/#\/schema\/logo\/image\/\"},\"sameAs\":[\"https:\/\/www.facebook.com\/legaldomus\/?locale=es_ES\",\"https:\/\/x.com\/legaldomus\"]}]}<\/script>\n<!-- \/ Yoast SEO plugin. -->","yoast_head_json":{"title":"Pol\u00edticas de Privacidad - Legal Domus - Abogados de divorcios en Sant Feliu - Servicio a domicilio","robots":{"index":"index","follow":"follow","max-snippet":"max-snippet:-1","max-image-preview":"max-image-preview:large","max-video-preview":"max-video-preview:-1"},"canonical":"https:\/\/legaldomus.com\/en\/politicas-de-privacidad\/","og_locale":"en_GB","og_type":"article","og_title":"Pol\u00edticas de Privacidad - Legal Domus - Abogados de divorcios en Sant Feliu - Servicio a domicilio","og_description":"Pol\u00edtica de Privacidad \u00bfQui\u00e9n es el responsable del tratamiento de sus datos? Identidad: ALEXANDRA FERNANDEZ SANCHEZ N\u00famero de documento:46677968C Direcci\u00f3n postal: Calle Roses, 83, Local, CP 08980 SANT FELIU DE LLOBREGAT, Barcelona Tel\u00e9fono: 93 188 20 98 Email:\u00a0administracio@legaldomus.com \u00bfCon qu\u00e9 finalidad tratamos sus datos personales? Cumplir con el deber de informaci\u00f3n y\/u obtenci\u00f3n de consentimientos [&hellip;]","og_url":"https:\/\/legaldomus.com\/en\/politicas-de-privacidad\/","og_site_name":"Legal Domus - Abogados de divorcios en Sant Feliu - Servicio a domicilio","article_publisher":"https:\/\/www.facebook.com\/legaldomus\/?locale=es_ES","article_modified_time":"2023-03-13T15:02:20+00:00","twitter_card":"summary_large_image","twitter_site":"@legaldomus","twitter_misc":{"Estimated reading time":"6 minutes"},"schema":{"@context":"https:\/\/schema.org","@graph":[{"@type":"WebPage","@id":"https:\/\/legaldomus.com\/politicas-de-privacidad\/","url":"https:\/\/legaldomus.com\/politicas-de-privacidad\/","name":"Pol\u00edticas de Privacidad - Legal Domus - Abogados de divorcios en Sant Feliu - Servicio a domicilio","isPartOf":{"@id":"https:\/\/legaldomus.com\/#website"},"datePublished":"2023-02-19T15:53:39+00:00","dateModified":"2023-03-13T15:02:20+00:00","breadcrumb":{"@id":"https:\/\/legaldomus.com\/politicas-de-privacidad\/#breadcrumb"},"inLanguage":"en-GB","potentialAction":[{"@type":"ReadAction","target":["https:\/\/legaldomus.com\/politicas-de-privacidad\/"]}]},{"@type":"BreadcrumbList","@id":"https:\/\/legaldomus.com\/politicas-de-privacidad\/#breadcrumb","itemListElement":[{"@type":"ListItem","position":1,"name":"Portada","item":"https:\/\/legaldomus.com\/"},{"@type":"ListItem","position":2,"name":"Pol\u00edticas de Privacidad"}]},{"@type":"WebSite","@id":"https:\/\/legaldomus.com\/#website","url":"https:\/\/legaldomus.com\/","name":"Legal Domus - Abogados de divorcios en Sant Feliu - Servicio a domicilio","description":"Bufete familiar especializado en derecho matrimonial ","publisher":{"@id":"https:\/\/legaldomus.com\/#organization"},"potentialAction":[{"@type":"SearchAction","target":{"@type":"EntryPoint","urlTemplate":"https:\/\/legaldomus.com\/?s={search_term_string}"},"query-input":{"@type":"PropertyValueSpecification","valueRequired":true,"valueName":"search_term_string"}}],"inLanguage":"en-GB"},{"@type":"Organization","@id":"https:\/\/legaldomus.com\/#organization","name":"Legal Domus - Abogados de divorcios en Sant Feliu - Servicio a domicilio","url":"https:\/\/legaldomus.com\/","logo":{"@type":"ImageObject","inLanguage":"en-GB","@id":"https:\/\/legaldomus.com\/#\/schema\/logo\/image\/","url":"https:\/\/legaldomus.com\/wp-content\/uploads\/2022\/12\/Logo-sense-fons.png","contentUrl":"https:\/\/legaldomus.com\/wp-content\/uploads\/2022\/12\/Logo-sense-fons.png","width":816,"height":160,"caption":"Legal Domus - Abogados de divorcios en Sant Feliu - Servicio a domicilio"},"image":{"@id":"https:\/\/legaldomus.com\/#\/schema\/logo\/image\/"},"sameAs":["https:\/\/www.facebook.com\/legaldomus\/?locale=es_ES","https:\/\/x.com\/legaldomus"]}]}},"_links":{"self":[{"href":"https:\/\/legaldomus.com\/en\/wp-json\/wp\/v2\/pages\/755","targetHints":{"allow":["GET"]}}],"collection":[{"href":"https:\/\/legaldomus.com\/en\/wp-json\/wp\/v2\/pages"}],"about":[{"href":"https:\/\/legaldomus.com\/en\/wp-json\/wp\/v2\/types\/page"}],"author":[{"embeddable":true,"href":"https:\/\/legaldomus.com\/en\/wp-json\/wp\/v2\/users\/2"}],"replies":[{"embeddable":true,"href":"https:\/\/legaldomus.com\/en\/wp-json\/wp\/v2\/comments?post=755"}],"version-history":[{"count":10,"href":"https:\/\/legaldomus.com\/en\/wp-json\/wp\/v2\/pages\/755\/revisions"}],"predecessor-version":[{"id":967,"href":"https:\/\/legaldomus.com\/en\/wp-json\/wp\/v2\/pages\/755\/revisions\/967"}],"wp:attachment":[{"href":"https:\/\/legaldomus.com\/en\/wp-json\/wp\/v2\/media?parent=755"}],"curies":[{"name":"wp","href":"https:\/\/api.w.org\/{rel}","templated":true}]}}