{"id":761,"date":"2023-02-19T16:00:00","date_gmt":"2023-02-19T16:00:00","guid":{"rendered":"https:\/\/legaldomus.com\/?page_id=761"},"modified":"2023-02-19T16:03:04","modified_gmt":"2023-02-19T16:03:04","slug":"politicas-de-cookies","status":"publish","type":"page","link":"https:\/\/legaldomus.com\/en\/politicas-de-cookies\/","title":{"rendered":"Pol\u00edticas de Cookies"},"content":{"rendered":"<style>.elementor-761 .elementor-element.elementor-element-f466f8b > .elementor-background-overlay{background-color:transparent;background-image:linear-gradient(250deg, var( --e-global-color-5abc125 ) 0%, var( --e-global-color-c26e4b0 ) 100%);opacity:0.62;transition:background 0.3s, border-radius 0.3s, opacity 0.3s;}.elementor-761 .elementor-element.elementor-element-f466f8b{transition:background 0.3s, border 0.3s, border-radius 0.3s, box-shadow 0.3s;margin-top:0px;margin-bottom:0px;padding:100px 15px 100px 15px;}.elementor-761 .elementor-element.elementor-element-168fb4c > .elementor-widget-wrap > .elementor-widget:not(.elementor-widget__width-auto):not(.elementor-widget__width-initial):not(:last-child):not(.elementor-absolute){margin-bottom:0px;}.elementor-761 .elementor-element.elementor-element-168fb4c > .elementor-element-populated{margin:0px 0px 0px 0px;--e-column-margin-right:0px;--e-column-margin-left:0px;padding:0px 0px 0px 0px;}.elementor-761 .elementor-element.elementor-element-a0412a8 > .elementor-widget-container{margin:0px 0px 0px 0px;padding:0px 0px 24px 0px;}.elementor-761 .elementor-element.elementor-element-a0412a8 .elementor-image-box-wrapper{text-align:center;}.elementor-761 .elementor-element.elementor-element-a0412a8 .elementor-image-box-title{margin-bottom:0px;font-family:\"Outfit\", Sans-serif;font-size:1.37em;font-weight:500;text-transform:uppercase;line-height:0em;letter-spacing:0.02px;color:#FFFFFF;}.elementor-761 .elementor-element.elementor-element-be13281 > .elementor-widget-container{margin:0% 0% 0% 0%;padding:0px 0px 26px 0px;}.elementor-761 .elementor-element.elementor-element-be13281{text-align:center;}.elementor-761 .elementor-element.elementor-element-be13281 .elementor-heading-title{font-family:\"DM Sans\", Sans-serif;font-size:3.333em;font-weight:700;text-transform:none;line-height:1.15em;letter-spacing:-0.5px;}.elementor-761 .elementor-element.elementor-element-de09fb8{margin-top:5%;margin-bottom:5%;padding:0px 20px 0px 20px;}.elementor-761 .elementor-element.elementor-element-cd9eec6 > .elementor-widget-container{margin:20px 20px 0px 20px;}.elementor-761 .elementor-element.elementor-element-cd9eec6{text-transform:none;}@media(max-width:767px){.elementor-761 .elementor-element.elementor-element-a0412a8 .elementor-image-box-wrapper{text-align:left;}.elementor-761 .elementor-element.elementor-element-be13281 > .elementor-widget-container{margin:0% 0% 0% 0%;padding:0px 0px 43px 0px;}.elementor-761 .elementor-element.elementor-element-be13281{text-align:left;}.elementor-761 .elementor-element.elementor-element-be13281 .elementor-heading-title{font-size:45px;line-height:55px;}}<\/style>\t\t<div data-elementor-type=\"wp-page\" data-elementor-id=\"761\" class=\"elementor elementor-761\" data-elementor-post-type=\"page\">\n\t\t\t\t\t\t<section class=\"elementor-section elementor-top-section elementor-element elementor-element-f466f8b elementor-section-boxed elementor-section-height-default elementor-section-height-default\" data-id=\"f466f8b\" data-element_type=\"section\" data-settings=\"{&quot;background_background&quot;:&quot;slideshow&quot;,&quot;background_slideshow_gallery&quot;:[{&quot;id&quot;:471,&quot;url&quot;:&quot;https:\\\/\\\/legaldomus.com\\\/wp-content\\\/uploads\\\/2023\\\/02\\\/que-ofrecemos-legal-domus.jpg&quot;}],&quot;background_slideshow_loop&quot;:&quot;yes&quot;,&quot;background_slideshow_slide_duration&quot;:5000,&quot;background_slideshow_slide_transition&quot;:&quot;fade&quot;,&quot;background_slideshow_transition_duration&quot;:500}\">\n\t\t\t\t\t\t\t<div class=\"elementor-background-overlay\"><\/div>\n\t\t\t\t\t\t\t<div class=\"elementor-container elementor-column-gap-default\">\n\t\t\t\t\t<div class=\"elementor-column elementor-col-100 elementor-top-column elementor-element elementor-element-168fb4c\" data-id=\"168fb4c\" data-element_type=\"column\">\n\t\t\t<div class=\"elementor-widget-wrap elementor-element-populated\">\n\t\t\t\t\t\t<div class=\"elementor-element elementor-element-be13281 elementor-widget elementor-widget-heading\" data-id=\"be13281\" data-element_type=\"widget\" data-widget_type=\"heading.default\">\n\t\t\t\t<div class=\"elementor-widget-container\">\n\t\t\t\t\t<h1 class=\"elementor-heading-title elementor-size-default\">Pol\u00edticas de Cookies<\/h1>\t\t\t\t<\/div>\n\t\t\t\t<\/div>\n\t\t\t\t\t<\/div>\n\t\t<\/div>\n\t\t\t\t\t<\/div>\n\t\t<\/section>\n\t\t\t\t<section class=\"elementor-section elementor-top-section elementor-element elementor-element-de09fb8 elementor-section-boxed elementor-section-height-default elementor-section-height-default\" data-id=\"de09fb8\" data-element_type=\"section\">\n\t\t\t\t\t\t<div class=\"elementor-container elementor-column-gap-default\">\n\t\t\t\t\t<div class=\"elementor-column elementor-col-100 elementor-top-column elementor-element elementor-element-a1efc7d\" data-id=\"a1efc7d\" data-element_type=\"column\">\n\t\t\t<div class=\"elementor-widget-wrap elementor-element-populated\">\n\t\t\t\t\t\t<div class=\"elementor-element elementor-element-cd9eec6 elementor-widget elementor-widget-text-editor\" data-id=\"cd9eec6\" data-element_type=\"widget\" data-widget_type=\"text-editor.default\">\n\t\t\t\t<div class=\"elementor-widget-container\">\n\t\t\t\t\t\t\t\t\t<p><\/p>\n<h2 class=\"wp-block-heading\">\u00bfQu\u00e9 es una cookie?<\/h2>\n<p><\/p>\n<p><\/p>\n<p>Una cookie es un fichero de texto inofensivo que se almacena en su navegador cuando visita casi cualquier p\u00e1gina web. La utilidad de la cookie es que la web sea capaz de recordar su visita cuando vuelva a navegar por esa p\u00e1gina. Aunque mucha gente no lo sabe las cookies se llevan utilizando desde hace 20 a\u00f1os, cuando aparecieron los primeros navegadores para la World Wide Web.<\/p>\n<p><\/p>\n<p><\/p>\n<h2 class=\"wp-block-heading\">\u00bfQu\u00e9 NO ES una cookie?<\/h2>\n<p><\/p>\n<p><\/p>\n<p>No es un virus, ni un troyano, ni un gusano, ni spam, ni spyware, ni abre ventanas pop-up.<\/p>\n<p><\/p>\n<h2 class=\"wp-block-heading\">\u00bfQu\u00e9 informaci\u00f3n almacena una cookie?<\/h2>\n<p>Las cookies no suelen almacenar informaci\u00f3n sensible sobre usted, como tarjetas de cr\u00e9dito o datos bancarios, fotograf\u00edas, su DNI o informaci\u00f3n personal, etc. Los datos que guardan son de car\u00e1cter t\u00e9cnico, preferencias personales, personalizaci\u00f3n de contenidos, etc. El servidor web no le asocia a usted como persona si no a su navegador web. De hecho, si usted navega habitualmente con Internet Explorer y prueba a navegar por la misma web con Firefox o Chrome ver\u00e1 que la web no se da cuenta que es usted la misma persona porque en realidad est\u00e1 asociando al navegador, no a la persona.<\/p>\n<p><\/p>\n<p><\/p>\n<h2 class=\"wp-block-heading\">\u00bfQu\u00e9 tipo de cookies existen?<\/h2>\n<p><\/p>\n<p>Cookies t\u00e9cnicas: Son las m\u00e1s elementales y permiten, entre otras cosas, saber cu\u00e1ndo est\u00e1 navegando un humano o una aplicaci\u00f3n automatizada, cu\u00e1ndo navega un usuario an\u00f3nimo y uno registrado, tareas b\u00e1sicas para el funcionamiento de cualquier web din\u00e1mica.<\/p>\n<p>\u2022 Cookies de an\u00e1lisis: Recogen informaci\u00f3n sobre el tipo de navegaci\u00f3n que est\u00e1 realizando, las secciones que m\u00e1s utiliza, productos consultados, franja horaria de uso, idioma, etc.<\/p>\n<p>\u2022 Cookies publicitarias: Muestran publicidad en funci\u00f3n de su navegaci\u00f3n, su pa\u00eds de procedencia, idioma, etc.<\/p>\n<p><\/p>\n<p><\/p>\n<h2 class=\"wp-block-heading\">\u00bfQu\u00e9 son las cookies propias y las de terceros?<\/h2>\n<p><\/p>\n<p>Las cookies propias son las generadas por la p\u00e1gina que est\u00e1 visitando y las de terceros son las generadas por servicios o proveedores externos como Facebook, Google, etc.<\/p>\n<p><\/p>\n<h2 class=\"wp-block-heading\">\u00bfQu\u00e9 ocurre si desactivo las cookies?<\/h2>\n<p><\/p>\n<p><\/p>\n<p>Para que entienda el alcance que puede tener desactivar las cookies le mostramos unos ejemplos:<\/p>\n<p>\u2022 No podr\u00e1 compartir contenidos de esa web en Facebook, o cualquier otra red social.<\/p>\n<p>\u2022 El sitio web no podr\u00e1 adaptar los contenidos a sus preferencias personales, como suele ocurrir en las tiendas online.<\/p>\n<p>\u2022 No podr\u00e1 acceder al \u00e1rea personal de esa web, como por ejemplo Mi cuenta, o Mi perfil o Mis pedidos.<\/p>\n<p>\u2022 Tiendas online: Le ser\u00e1 imposible realizar compras online, tendr\u00e1n que ser telef\u00f3nicas o visitando la tienda f\u00edsica si es que dispone de ella.<\/p>\n<p>\u2022 No ser\u00e1 posible personalizar sus preferencias geogr\u00e1ficas como franja horaria, divisa o idioma.<\/p>\n<p>\u2022 El sitio web no podr\u00e1 realizar anal\u00edticas web sobre visitantes y tr\u00e1fico en la web, lo que dificultar\u00e1 que la web sea competitiva.<\/p>\n<p>\u2022 No podr\u00e1 escribir en el blog, no podr\u00e1 subir fotos, publicar comentarios, valorar o puntuar contenidos. La web tampoco podr\u00e1 saber si usted es un humano o una aplicaci\u00f3n automatizada que publica spam.<\/p>\n<p>\u2022 No se podr\u00e1 mostrar publicidad sectorizada, lo que reducir\u00e1 los ingresos publicitarios de la web.<\/p>\n<p>\u2022 Todas las redes sociales usan cookies, si las desactiva no podr\u00e1 utilizar ninguna red social.<\/p>\n<p><\/p>\n<p><\/p>\n<h2 class=\"wp-block-heading\">\u00bfSe pueden eliminar las cookies?<\/h2>\n<p><\/p>\n<p><\/p>\n<p>S\u00ed. No s\u00f3lo eliminar, tambi\u00e9n bloquear, de forma general o particular para un dominio espec\u00edfico. Para eliminar las cookies de un sitio web debe ir a la configuraci\u00f3n de su navegador y all\u00ed podr\u00e1 buscar las asociadas al dominio en cuesti\u00f3n y proceder a su eliminaci\u00f3n. <\/p>\n<h2 class=\"wp-block-heading\">Configuraci\u00f3n de cookies para los navegadores m\u00e1s polulares<\/h2>\n<p><\/p>\n<p><\/p>\n<p>A continuaci\u00f3n le indicamos c\u00f3mo acceder a una cookie determinada del navegador Chrome. Nota: estos pasos pueden variar en funci\u00f3n de la versi\u00f3n del navegador:<\/p>\n<p>\u2022 Vaya a Configuraci\u00f3n o Preferencias mediante el men\u00fa Archivo o bien pinchando el icono de personalizaci\u00f3n que aparece arriba a la derecha.<\/p>\n<p>\u2022 Ver\u00e1 diferentes secciones, pinche la opci\u00f3n Mostrar opciones avanzadas.<\/p>\n<p>\u2022 Vaya a Privacidad, Configuraci\u00f3n de contenido.<\/p>\n<p>\u2022 Seleccione Todas las cookies y los datos de sitios.<\/p>\n<p>\u2022 Aparecer\u00e1 un listado con todas las cookies ordenadas por dominio.<\/p>\n<p>\u2022 Para que le sea m\u00e1s f\u00e1cil encontrar las cookies de un determinado dominio introduzca parcial o totalmente la direcci\u00f3n en el campo Buscar cookies.<\/p>\n<p>\u2022 Tras realizar este filtro aparecer\u00e1n en pantalla una o varias l\u00edneas con las cookies de la web solicitada. Ahora s\u00f3lo tiene que seleccionarla y pulsar la X para proceder a su eliminaci\u00f3n. Para acceder a la configuraci\u00f3n de cookies del navegador Internet Explorer siga estos pasos (pueden variar en funci\u00f3n de la versi\u00f3n del navegador):<\/p>\n<p>\u2022 Vaya a Herramientas, Opciones de Internet<\/p>\n<p>\u2022 Haga click en Privacidad.<\/p>\n<p>\u2022 Mueva el deslizador hasta ajustar el nivel de privacidad que desee. Para acceder a la configuraci\u00f3n de cookies del navegador Firefox siga estos pasos (pueden variar en funci\u00f3n de la versi\u00f3n del navegador):<\/p>\n<p>\u2022 Vaya a Opciones o Preferencias seg\u00fan su sistema operativo.<\/p>\n<p>\u2022 Haga click en Privacidad.<\/p>\n<p>\u2022 En Historial elija Usar una configuraci\u00f3n personalizada para el historial.<\/p>\n<p>\u2022 Ahora ver\u00e1 la opci\u00f3n Aceptar cookies, puede activarla o desactivarla seg\u00fan sus preferencias. Para acceder a la configuraci\u00f3n de cookies del navegador Safari para OSX siga estos pasos (pueden variar en funci\u00f3n de la versi\u00f3n del navegador):<\/p>\n<p>\u2022 Vaya a Preferencias, luego Privacidad.<\/p>\n<p>\u2022 En este lugar ver\u00e1 la opci\u00f3n Bloquear cookies para que ajuste el tipo de bloqueo que desea realizar. Para acceder a la configuraci\u00f3n de cookies del navegador Safari para iOS siga estos pasos (pueden variar en funci\u00f3n de la versi\u00f3n del navegador):<\/p>\n<p>\u2022 Vaya a Ajustes, luego Safari.<\/p>\n<p>\u2022 Vaya a Privacidad y Seguridad, ver\u00e1 la opci\u00f3n Bloquear cookies para que ajuste el tipo de bloqueo que desea realizar. Para acceder a la configuraci\u00f3n de cookies del navegador para dispositivos Android siga estos pasos (pueden variar en funci\u00f3n de la versi\u00f3n del navegador):<\/p>\n<p>\u2022 Ejecute el navegador y pulse la tecla Men\u00fa, luego Ajustes.<\/p>\n<p>\u2022 Vaya a Seguridad y Privacidad, ver\u00e1 la opci\u00f3n Aceptar cookies para que active o desactive la casilla. Para acceder a la configuraci\u00f3n de cookies del navegador para dispositivos Windows Phone siga estos pasos (pueden variar en funci\u00f3n de la versi\u00f3n del navegador):<\/p>\n<p>\u2022 Abra Internet Explorer, luego M\u00e1s, luego Configuraci\u00f3n<\/p>\n<p>\u2022 Ahora puede activar o desactivar la casilla Permitir cookies<\/p>\n<p><\/p>\t\t\t\t\t\t\t\t<\/div>\n\t\t\t\t<\/div>\n\t\t\t\t\t<\/div>\n\t\t<\/div>\n\t\t\t\t\t<\/div>\n\t\t<\/section>\n\t\t\t\t<\/div>","protected":false},"excerpt":{"rendered":"<p>Pol\u00edticas de Cookies \u00bfQu\u00e9 es una cookie? Una cookie es un fichero de texto inofensivo que se almacena en su navegador cuando visita casi cualquier p\u00e1gina web. La utilidad de la cookie es que la web sea capaz de recordar su visita cuando vuelva a navegar por esa p\u00e1gina. Aunque mucha gente no lo sabe [&hellip;]<\/p>","protected":false},"author":2,"featured_media":0,"parent":0,"menu_order":0,"comment_status":"closed","ping_status":"closed","template":"elementor_header_footer","meta":{"footnotes":""},"class_list":["post-761","page","type-page","status-publish","hentry"],"yoast_head":"<!-- This site is optimized with the Yoast SEO plugin v25.6 - https:\/\/yoast.com\/wordpress\/plugins\/seo\/ -->\n<title>Pol\u00edticas de Cookies - Legal Domus - Abogados de divorcios en Sant Feliu - Servicio a domicilio<\/title>\n<meta name=\"robots\" content=\"index, follow, max-snippet:-1, max-image-preview:large, max-video-preview:-1\" \/>\n<link rel=\"canonical\" href=\"https:\/\/legaldomus.com\/en\/politicas-de-cookies\/\" \/>\n<meta property=\"og:locale\" content=\"en_GB\" \/>\n<meta property=\"og:type\" content=\"article\" \/>\n<meta property=\"og:title\" content=\"Pol\u00edticas de Cookies - Legal Domus - Abogados de divorcios en Sant Feliu - Servicio a domicilio\" \/>\n<meta property=\"og:description\" content=\"Pol\u00edticas de Cookies \u00bfQu\u00e9 es una cookie? Una cookie es un fichero de texto inofensivo que se almacena en su navegador cuando visita casi cualquier p\u00e1gina web. La utilidad de la cookie es que la web sea capaz de recordar su visita cuando vuelva a navegar por esa p\u00e1gina. Aunque mucha gente no lo sabe [&hellip;]\" \/>\n<meta property=\"og:url\" content=\"https:\/\/legaldomus.com\/en\/politicas-de-cookies\/\" \/>\n<meta property=\"og:site_name\" content=\"Legal Domus - Abogados de divorcios en Sant Feliu - Servicio a domicilio\" \/>\n<meta property=\"article:publisher\" content=\"https:\/\/www.facebook.com\/legaldomus\/?locale=es_ES\" \/>\n<meta property=\"article:modified_time\" content=\"2023-02-19T16:03:04+00:00\" \/>\n<meta name=\"twitter:card\" content=\"summary_large_image\" \/>\n<meta name=\"twitter:site\" content=\"@legaldomus\" \/>\n<meta name=\"twitter:label1\" content=\"Estimated reading time\" \/>\n\t<meta name=\"twitter:data1\" content=\"5 minutes\" \/>\n<script type=\"application\/ld+json\" class=\"yoast-schema-graph\">{\"@context\":\"https:\/\/schema.org\",\"@graph\":[{\"@type\":\"WebPage\",\"@id\":\"https:\/\/legaldomus.com\/politicas-de-cookies\/\",\"url\":\"https:\/\/legaldomus.com\/politicas-de-cookies\/\",\"name\":\"Pol\u00edticas de Cookies - Legal Domus - Abogados de divorcios en Sant Feliu - Servicio a domicilio\",\"isPartOf\":{\"@id\":\"https:\/\/legaldomus.com\/#website\"},\"datePublished\":\"2023-02-19T16:00:00+00:00\",\"dateModified\":\"2023-02-19T16:03:04+00:00\",\"breadcrumb\":{\"@id\":\"https:\/\/legaldomus.com\/politicas-de-cookies\/#breadcrumb\"},\"inLanguage\":\"en-GB\",\"potentialAction\":[{\"@type\":\"ReadAction\",\"target\":[\"https:\/\/legaldomus.com\/politicas-de-cookies\/\"]}]},{\"@type\":\"BreadcrumbList\",\"@id\":\"https:\/\/legaldomus.com\/politicas-de-cookies\/#breadcrumb\",\"itemListElement\":[{\"@type\":\"ListItem\",\"position\":1,\"name\":\"Portada\",\"item\":\"https:\/\/legaldomus.com\/\"},{\"@type\":\"ListItem\",\"position\":2,\"name\":\"Pol\u00edticas de Cookies\"}]},{\"@type\":\"WebSite\",\"@id\":\"https:\/\/legaldomus.com\/#website\",\"url\":\"https:\/\/legaldomus.com\/\",\"name\":\"Legal Domus - Abogados de divorcios en Sant Feliu - Servicio a domicilio\",\"description\":\"Bufete familiar especializado en derecho matrimonial \",\"publisher\":{\"@id\":\"https:\/\/legaldomus.com\/#organization\"},\"potentialAction\":[{\"@type\":\"SearchAction\",\"target\":{\"@type\":\"EntryPoint\",\"urlTemplate\":\"https:\/\/legaldomus.com\/?s={search_term_string}\"},\"query-input\":{\"@type\":\"PropertyValueSpecification\",\"valueRequired\":true,\"valueName\":\"search_term_string\"}}],\"inLanguage\":\"en-GB\"},{\"@type\":\"Organization\",\"@id\":\"https:\/\/legaldomus.com\/#organization\",\"name\":\"Legal Domus - Abogados de divorcios en Sant Feliu - Servicio a domicilio\",\"url\":\"https:\/\/legaldomus.com\/\",\"logo\":{\"@type\":\"ImageObject\",\"inLanguage\":\"en-GB\",\"@id\":\"https:\/\/legaldomus.com\/#\/schema\/logo\/image\/\",\"url\":\"https:\/\/legaldomus.com\/wp-content\/uploads\/2022\/12\/Logo-sense-fons.png\",\"contentUrl\":\"https:\/\/legaldomus.com\/wp-content\/uploads\/2022\/12\/Logo-sense-fons.png\",\"width\":816,\"height\":160,\"caption\":\"Legal Domus - Abogados de divorcios en Sant Feliu - Servicio a domicilio\"},\"image\":{\"@id\":\"https:\/\/legaldomus.com\/#\/schema\/logo\/image\/\"},\"sameAs\":[\"https:\/\/www.facebook.com\/legaldomus\/?locale=es_ES\",\"https:\/\/x.com\/legaldomus\"]}]}<\/script>\n<!-- \/ Yoast SEO plugin. -->","yoast_head_json":{"title":"Pol\u00edticas de Cookies - Legal Domus - Abogados de divorcios en Sant Feliu - Servicio a domicilio","robots":{"index":"index","follow":"follow","max-snippet":"max-snippet:-1","max-image-preview":"max-image-preview:large","max-video-preview":"max-video-preview:-1"},"canonical":"https:\/\/legaldomus.com\/en\/politicas-de-cookies\/","og_locale":"en_GB","og_type":"article","og_title":"Pol\u00edticas de Cookies - Legal Domus - Abogados de divorcios en Sant Feliu - Servicio a domicilio","og_description":"Pol\u00edticas de Cookies \u00bfQu\u00e9 es una cookie? Una cookie es un fichero de texto inofensivo que se almacena en su navegador cuando visita casi cualquier p\u00e1gina web. La utilidad de la cookie es que la web sea capaz de recordar su visita cuando vuelva a navegar por esa p\u00e1gina. Aunque mucha gente no lo sabe [&hellip;]","og_url":"https:\/\/legaldomus.com\/en\/politicas-de-cookies\/","og_site_name":"Legal Domus - Abogados de divorcios en Sant Feliu - Servicio a domicilio","article_publisher":"https:\/\/www.facebook.com\/legaldomus\/?locale=es_ES","article_modified_time":"2023-02-19T16:03:04+00:00","twitter_card":"summary_large_image","twitter_site":"@legaldomus","twitter_misc":{"Estimated reading time":"5 minutes"},"schema":{"@context":"https:\/\/schema.org","@graph":[{"@type":"WebPage","@id":"https:\/\/legaldomus.com\/politicas-de-cookies\/","url":"https:\/\/legaldomus.com\/politicas-de-cookies\/","name":"Pol\u00edticas de Cookies - Legal Domus - Abogados de divorcios en Sant Feliu - Servicio a domicilio","isPartOf":{"@id":"https:\/\/legaldomus.com\/#website"},"datePublished":"2023-02-19T16:00:00+00:00","dateModified":"2023-02-19T16:03:04+00:00","breadcrumb":{"@id":"https:\/\/legaldomus.com\/politicas-de-cookies\/#breadcrumb"},"inLanguage":"en-GB","potentialAction":[{"@type":"ReadAction","target":["https:\/\/legaldomus.com\/politicas-de-cookies\/"]}]},{"@type":"BreadcrumbList","@id":"https:\/\/legaldomus.com\/politicas-de-cookies\/#breadcrumb","itemListElement":[{"@type":"ListItem","position":1,"name":"Portada","item":"https:\/\/legaldomus.com\/"},{"@type":"ListItem","position":2,"name":"Pol\u00edticas de Cookies"}]},{"@type":"WebSite","@id":"https:\/\/legaldomus.com\/#website","url":"https:\/\/legaldomus.com\/","name":"Legal Domus - Abogados de divorcios en Sant Feliu - Servicio a domicilio","description":"Bufete familiar especializado en derecho matrimonial ","publisher":{"@id":"https:\/\/legaldomus.com\/#organization"},"potentialAction":[{"@type":"SearchAction","target":{"@type":"EntryPoint","urlTemplate":"https:\/\/legaldomus.com\/?s={search_term_string}"},"query-input":{"@type":"PropertyValueSpecification","valueRequired":true,"valueName":"search_term_string"}}],"inLanguage":"en-GB"},{"@type":"Organization","@id":"https:\/\/legaldomus.com\/#organization","name":"Legal Domus - Abogados de divorcios en Sant Feliu - Servicio a domicilio","url":"https:\/\/legaldomus.com\/","logo":{"@type":"ImageObject","inLanguage":"en-GB","@id":"https:\/\/legaldomus.com\/#\/schema\/logo\/image\/","url":"https:\/\/legaldomus.com\/wp-content\/uploads\/2022\/12\/Logo-sense-fons.png","contentUrl":"https:\/\/legaldomus.com\/wp-content\/uploads\/2022\/12\/Logo-sense-fons.png","width":816,"height":160,"caption":"Legal Domus - Abogados de divorcios en Sant Feliu - Servicio a domicilio"},"image":{"@id":"https:\/\/legaldomus.com\/#\/schema\/logo\/image\/"},"sameAs":["https:\/\/www.facebook.com\/legaldomus\/?locale=es_ES","https:\/\/x.com\/legaldomus"]}]}},"_links":{"self":[{"href":"https:\/\/legaldomus.com\/en\/wp-json\/wp\/v2\/pages\/761","targetHints":{"allow":["GET"]}}],"collection":[{"href":"https:\/\/legaldomus.com\/en\/wp-json\/wp\/v2\/pages"}],"about":[{"href":"https:\/\/legaldomus.com\/en\/wp-json\/wp\/v2\/types\/page"}],"author":[{"embeddable":true,"href":"https:\/\/legaldomus.com\/en\/wp-json\/wp\/v2\/users\/2"}],"replies":[{"embeddable":true,"href":"https:\/\/legaldomus.com\/en\/wp-json\/wp\/v2\/comments?post=761"}],"version-history":[{"count":4,"href":"https:\/\/legaldomus.com\/en\/wp-json\/wp\/v2\/pages\/761\/revisions"}],"predecessor-version":[{"id":765,"href":"https:\/\/legaldomus.com\/en\/wp-json\/wp\/v2\/pages\/761\/revisions\/765"}],"wp:attachment":[{"href":"https:\/\/legaldomus.com\/en\/wp-json\/wp\/v2\/media?parent=761"}],"curies":[{"name":"wp","href":"https:\/\/api.w.org\/{rel}","templated":true}]}}